{"id":1504,"date":"2024-04-25T11:50:43","date_gmt":"2024-04-25T09:50:43","guid":{"rendered":"https:\/\/cbdhorses.com\/?post_type=product&#038;p=1504"},"modified":"2025-03-10T13:40:37","modified_gmt":"2025-03-10T12:40:37","slug":"haut-fellpflege","status":"publish","type":"product","link":"https:\/\/cbdhorses.com\/de_de\/produkt\/haut-fellpflege\/","title":{"rendered":"Haut &amp; Fellpflege"},"content":{"rendered":"<p><strong>Effektive Unterst\u00fctzung bei gereizter, schuppiger oder zu Allergien neigender Haut. F\u00fcr ein extra gl\u00e4nzendes Fell.<\/strong><\/p>\n<p>Haut, Haare und N\u00e4gel \u2013 oder Haut, Fell und Krallen \u2013 sind nicht nur bei uns Menschen der Spiegel f\u00fcr die Gesundheit und Vitalit\u00e4t. Ausgew\u00e4hlte N\u00e4hrstoffe, Mineralien, Spurenelemente und Pflanzensamen sind f\u00fcr eine sch\u00f6ne Haut und ein gl\u00e4nzendes Fell unserer liebsten Vierbeiner ausschlaggebend. Der Haut &amp; Fell Spezial Komplex sorgt f\u00fcr gl\u00e4nzendes Fell und eine sch\u00f6ne Haut ganz nat\u00fcrlich von innen.<\/p>\n<p>\u00dcberz\u00fcchtungen, Mangelversorgung und Fehlern\u00e4hrung k\u00f6nnen bei Hunden und Katzen zu d\u00fcnnem, glanzlosem Fell, Haarausfall oder Hautthematiken mit Juckreiz f\u00fchren. F\u00fcr die Hautpflege und den Fellaufbau sowie f\u00fcr die Spannkraft sind essenzielle Mikron\u00e4hrstoffe wie Kupfer, Zink, Selen, Jod, Silizium sowie spezielle Vitamine (Biotin, Vitamin A, Vitamin B2 und Vitamin E) besonders wichtig.<\/p>\n<p>F\u00fcr die aktive Unterst\u00fctzung bei gereizter Haut bzw. einem stumpfen Haarkleid bietet die CBD VITAL VET Haut &amp; Fellpflege eine N\u00e4hrstoffpflege von innen.<\/p>\n<p>Die spezielle Rezeptur mit der erlesenen Kr\u00e4utermischung (Brennnessel, Kamille, Ackerschachtelhalm, Eibisch, Schafgarbe) sowie Hanfmehl, Hanf\u00f6l und Bierhefe regeneriert die Haut und versorgt Fell mit allem, was dieses zum Gl\u00e4nzen bringt.<\/p>\n<p>So werden Streicheleinheiten f\u00fcr Mensch und Tier zum Genuss und zum puren Erlebnis.<\/p>\n<p><strong>Benefits f\u00fcr Vierbeiner<\/strong><\/p>\n<ul>\n<li>Mit nat\u00fcrlicher CBD-Quelle aus Hanf<\/li>\n<li>Mit speziellem Haut- &amp; Fell-Vitamin-Komplex<\/li>\n<li>Mit hochdosiertem Biotin<\/li>\n<li>F\u00fcr sch\u00f6ne Haut und ein dichtes, gl\u00e4nzendes Fell<\/li>\n<li>Bei leicht br\u00fcchigen Krallen<\/li>\n<li>Unterst\u00fctzt den Haarwechsel<\/li>\n<li>F\u00fcr sensible Haut geeignet<\/li>\n<li>Ideal dosiert \u2013 optimal vertr\u00e4glich<\/li>\n<li>Ohne k\u00fcnstliche Zusatzstoffe. Frei von Lock- oder Geschmacksstoffen<\/li>\n<\/ul>\n<p>Einfach mit dem Futter verabreichen. F\u00fctterungshinweis beachten. Ohne k\u00fcnstliche Zusatzstoffe. Frei von Lock- oder Geschmacksstoffen. F\u00fcr sensible Tiere geeignet.<\/p>\n<p><strong>F\u00fctterungshinweis (2 Messl\u00f6ffel entspricht 1 g)<\/strong> Kleine Hunde &amp; Katzen (4 bis 15 kg) 1 \u2013 2 g pro Tag Mittlere Hunde (16 bis 39 kg) 2 \u2013 4 g pro Tag Gro\u00dfe Hunde (40 bis 80 kg) 4 \u2013 8 g pro Tag <strong>Zusammensetzung:<\/strong> Kr\u00e4utermischung (Brennnessel, Kamille, Ackerschachtelhalm, Eibisch, Schafgarbe) 20,0%, Johannisbrotmehl 17 %, Hanfblattpulver 12%, Calciumglukonat 10,0%, Bierhefe 6,0 %, Pflanzenkohle 6,0%, Methylsulfonylmthan ( MSM) 6,0%, Calciumcarbonat 6,0%, Hanf\u00f6l 3,0%, Seealgenmehl 3,0%, Magnesiumfumarat 1%<\/p>\n<p><strong>Zusatzstoffe je kg:<\/strong> Vitamin A 400.000 I.E., Vitamin E 10.000 mg, Vitamin B2 (als Riboflavin) 300 mg, Vitamin C 20.000 mg, Biotin 300.000 \u03bcg, Cholinchlorid 1.000 mg Spurenelemente: Eisen (als Eisen-(II)-aminos\u00e4urechelat Hydrat) 2.000 mg, Kupfer (als Kupfer-(II)-aminos\u00e4urechelat Hydrat) 400 mg, Zink (als Zinkglycinchelat) 10.000 mg, Selen (als Selenmethionin) 20 mg Technologische Zusatzstoffe: Kieselgur 160.000 mg<\/p>\n<p><strong>Analytische Bestandteile:<\/strong> Rohprotein 10,9 %, Rohfett 4,5 %, Rohfaser 6,5 %, Rohasche 33,5 %, Natrium 0,2 %, Schwefel 1,8 %, HCI-unl\u00f6sliche Asche: 16,9 %, Calcium: 3,4 %<\/p>\n<table>\n<tbody>\n<tr>\n<td>Menge<\/td>\n<td>100 g<\/td>\n<\/tr>\n<\/tbody>\n<\/table>","protected":false},"excerpt":{"rendered":"<p>Spezialformel mit Phytokomplex und Hanfmehl<\/p>","protected":false},"featured_media":1519,"comment_status":"open","ping_status":"closed","template":"","meta":{"site-sidebar-layout":"default","site-content-layout":"","ast-site-content-layout":"default","site-content-style":"default","site-sidebar-style":"default","ast-global-header-display":"","ast-banner-title-visibility":"","ast-main-header-display":"","ast-hfb-above-header-display":"","ast-hfb-below-header-display":"","ast-hfb-mobile-header-display":"","site-post-title":"","ast-breadcrumbs-content":"","ast-featured-img":"","footer-sml-layout":"","theme-transparent-header-meta":"default","adv-header-id-meta":"","stick-header-meta":"","header-above-stick-meta":"","header-main-stick-meta":"","header-below-stick-meta":"","astra-migrate-meta-layouts":"set","ast-page-background-enabled":"default","ast-page-background-meta":{"desktop":{"background-color":"","background-image":"","background-repeat":"repeat","background-position":"center center","background-size":"auto","background-attachment":"scroll","background-type":"","background-media":"","overlay-type":"","overlay-color":"","overlay-opacity":"","overlay-gradient":""},"tablet":{"background-color":"","background-image":"","background-repeat":"repeat","background-position":"center center","background-size":"auto","background-attachment":"scroll","background-type":"","background-media":"","overlay-type":"","overlay-color":"","overlay-opacity":"","overlay-gradient":""},"mobile":{"background-color":"","background-image":"","background-repeat":"repeat","background-position":"center center","background-size":"auto","background-attachment":"scroll","background-type":"","background-media":"","overlay-type":"","overlay-color":"","overlay-opacity":"","overlay-gradient":""}},"ast-content-background-meta":{"desktop":{"background-color":"var(--ast-global-color-5)","background-image":"","background-repeat":"repeat","background-position":"center center","background-size":"auto","background-attachment":"scroll","background-type":"","background-media":"","overlay-type":"","overlay-color":"","overlay-opacity":"","overlay-gradient":""},"tablet":{"background-color":"var(--ast-global-color-5)","background-image":"","background-repeat":"repeat","background-position":"center center","background-size":"auto","background-attachment":"scroll","background-type":"","background-media":"","overlay-type":"","overlay-color":"","overlay-opacity":"","overlay-gradient":""},"mobile":{"background-color":"var(--ast-global-color-5)","background-image":"","background-repeat":"repeat","background-position":"center center","background-size":"auto","background-attachment":"scroll","background-type":"","background-media":"","overlay-type":"","overlay-color":"","overlay-opacity":"","overlay-gradient":""}}},"product_brand":[],"product_cat":[16],"product_tag":[],"class_list":{"0":"post-1504","1":"product","2":"type-product","3":"status-publish","4":"has-post-thumbnail","6":"product_cat-uncategorised","7":"desktop-align-left","8":"tablet-align-left","9":"mobile-align-left","11":"first","12":"instock","13":"taxable","14":"shipping-taxable","15":"purchasable","16":"product-type-simple"},"yoast_head":"<!-- This site is optimized with the Yoast SEO plugin v27.3 - https:\/\/yoast.com\/product\/yoast-seo-wordpress\/ -->\n<title>Haut &amp; Fellpflege -<\/title>\n<meta name=\"robots\" content=\"index, follow, max-snippet:-1, max-image-preview:large, max-video-preview:-1\" \/>\n<link rel=\"canonical\" href=\"https:\/\/cbdhorses.com\/de_de\/produkt\/haut-fellpflege\/\" \/>\n<meta property=\"og:locale\" content=\"de_DE\" \/>\n<meta property=\"og:type\" content=\"article\" \/>\n<meta property=\"og:title\" content=\"Haut &amp; Fellpflege -\" \/>\n<meta property=\"og:description\" content=\"Spezialformel mit Phytokomplex und Hanfmehl\" \/>\n<meta property=\"og:url\" content=\"https:\/\/cbdhorses.com\/de_de\/produkt\/haut-fellpflege\/\" \/>\n<meta property=\"article:publisher\" content=\"https:\/\/www.facebook.com\/ImPulsMethode\" \/>\n<meta property=\"article:modified_time\" content=\"2025-03-10T12:40:37+00:00\" \/>\n<meta property=\"og:image\" content=\"http:\/\/cbdhorses.com\/wp-content\/uploads\/2025\/03\/0-5.png\" \/>\n\t<meta property=\"og:image:width\" content=\"1203\" \/>\n\t<meta property=\"og:image:height\" content=\"1200\" \/>\n\t<meta property=\"og:image:type\" content=\"image\/png\" \/>\n<meta name=\"twitter:card\" content=\"summary_large_image\" \/>\n<meta name=\"twitter:label1\" content=\"Gesch\u00e4tzte Lesezeit\" \/>\n\t<meta name=\"twitter:data1\" content=\"2\u00a0Minuten\" \/>\n<script type=\"application\/ld+json\" class=\"yoast-schema-graph\">{\"@context\":\"https:\\\/\\\/schema.org\",\"@graph\":[{\"@type\":\"WebPage\",\"@id\":\"https:\\\/\\\/cbdhorses.com\\\/product\\\/haut-fellpflege\\\/\",\"url\":\"https:\\\/\\\/cbdhorses.com\\\/product\\\/haut-fellpflege\\\/\",\"name\":\"Haut &amp; Fellpflege -\",\"isPartOf\":{\"@id\":\"https:\\\/\\\/cbdhorses.com\\\/#website\"},\"primaryImageOfPage\":{\"@id\":\"https:\\\/\\\/cbdhorses.com\\\/product\\\/haut-fellpflege\\\/#primaryimage\"},\"image\":{\"@id\":\"https:\\\/\\\/cbdhorses.com\\\/product\\\/haut-fellpflege\\\/#primaryimage\"},\"thumbnailUrl\":\"https:\\\/\\\/cbdhorses.com\\\/wp-content\\\/uploads\\\/2025\\\/03\\\/0-5.png\",\"datePublished\":\"2024-04-25T09:50:43+00:00\",\"dateModified\":\"2025-03-10T12:40:37+00:00\",\"breadcrumb\":{\"@id\":\"https:\\\/\\\/cbdhorses.com\\\/product\\\/haut-fellpflege\\\/#breadcrumb\"},\"inLanguage\":\"de\",\"potentialAction\":[{\"@type\":\"ReadAction\",\"target\":[\"https:\\\/\\\/cbdhorses.com\\\/product\\\/haut-fellpflege\\\/\"]}]},{\"@type\":\"ImageObject\",\"inLanguage\":\"de\",\"@id\":\"https:\\\/\\\/cbdhorses.com\\\/product\\\/haut-fellpflege\\\/#primaryimage\",\"url\":\"https:\\\/\\\/cbdhorses.com\\\/wp-content\\\/uploads\\\/2025\\\/03\\\/0-5.png\",\"contentUrl\":\"https:\\\/\\\/cbdhorses.com\\\/wp-content\\\/uploads\\\/2025\\\/03\\\/0-5.png\",\"width\":1203,\"height\":1200},{\"@type\":\"BreadcrumbList\",\"@id\":\"https:\\\/\\\/cbdhorses.com\\\/product\\\/haut-fellpflege\\\/#breadcrumb\",\"itemListElement\":[{\"@type\":\"ListItem\",\"position\":1,\"name\":\"Home\",\"item\":\"https:\\\/\\\/cbdhorses.com\\\/\"},{\"@type\":\"ListItem\",\"position\":2,\"name\":\"Shop\",\"item\":\"https:\\\/\\\/cbdhorses.com\\\/shop\\\/\"},{\"@type\":\"ListItem\",\"position\":3,\"name\":\"Haut &amp; Fellpflege\"}]},{\"@type\":\"WebSite\",\"@id\":\"https:\\\/\\\/cbdhorses.com\\\/#website\",\"url\":\"https:\\\/\\\/cbdhorses.com\\\/\",\"name\":\"CBD Horses\",\"description\":\"\",\"publisher\":{\"@id\":\"https:\\\/\\\/cbdhorses.com\\\/#organization\"},\"potentialAction\":[{\"@type\":\"SearchAction\",\"target\":{\"@type\":\"EntryPoint\",\"urlTemplate\":\"https:\\\/\\\/cbdhorses.com\\\/?s={search_term_string}\"},\"query-input\":{\"@type\":\"PropertyValueSpecification\",\"valueRequired\":true,\"valueName\":\"search_term_string\"}}],\"inLanguage\":\"de\"},{\"@type\":\"Organization\",\"@id\":\"https:\\\/\\\/cbdhorses.com\\\/#organization\",\"name\":\"CBD Horses\",\"url\":\"https:\\\/\\\/cbdhorses.com\\\/\",\"logo\":{\"@type\":\"ImageObject\",\"inLanguage\":\"de\",\"@id\":\"https:\\\/\\\/cbdhorses.com\\\/#\\\/schema\\\/logo\\\/image\\\/\",\"url\":\"https:\\\/\\\/cbdhorses.com\\\/wp-content\\\/uploads\\\/2021\\\/04\\\/logo2_impact.png\",\"contentUrl\":\"https:\\\/\\\/cbdhorses.com\\\/wp-content\\\/uploads\\\/2021\\\/04\\\/logo2_impact.png\",\"width\":945,\"height\":358,\"caption\":\"CBD Horses\"},\"image\":{\"@id\":\"https:\\\/\\\/cbdhorses.com\\\/#\\\/schema\\\/logo\\\/image\\\/\"},\"sameAs\":[\"https:\\\/\\\/www.facebook.com\\\/ImPulsMethode\",\"https:\\\/\\\/www.instagram.com\\\/impulsmethode\\\/\",\"https:\\\/\\\/www.threads.net\\\/@impulsmethode\",\"https:\\\/\\\/www.youtube.com\\\/@impulsmethode768\"]}]}<\/script>\n<!-- \/ Yoast SEO plugin. -->","yoast_head_json":{"title":"Haut &amp; Fellpflege -","robots":{"index":"index","follow":"follow","max-snippet":"max-snippet:-1","max-image-preview":"max-image-preview:large","max-video-preview":"max-video-preview:-1"},"canonical":"https:\/\/cbdhorses.com\/de_de\/produkt\/haut-fellpflege\/","og_locale":"de_DE","og_type":"article","og_title":"Haut &amp; Fellpflege -","og_description":"Spezialformel mit Phytokomplex und Hanfmehl","og_url":"https:\/\/cbdhorses.com\/de_de\/produkt\/haut-fellpflege\/","article_publisher":"https:\/\/www.facebook.com\/ImPulsMethode","article_modified_time":"2025-03-10T12:40:37+00:00","og_image":[{"width":1203,"height":1200,"url":"http:\/\/cbdhorses.com\/wp-content\/uploads\/2025\/03\/0-5.png","type":"image\/png"}],"twitter_card":"summary_large_image","twitter_misc":{"Gesch\u00e4tzte Lesezeit":"2\u00a0Minuten"},"schema":{"@context":"https:\/\/schema.org","@graph":[{"@type":"WebPage","@id":"https:\/\/cbdhorses.com\/product\/haut-fellpflege\/","url":"https:\/\/cbdhorses.com\/product\/haut-fellpflege\/","name":"Haut &amp; Fellpflege -","isPartOf":{"@id":"https:\/\/cbdhorses.com\/#website"},"primaryImageOfPage":{"@id":"https:\/\/cbdhorses.com\/product\/haut-fellpflege\/#primaryimage"},"image":{"@id":"https:\/\/cbdhorses.com\/product\/haut-fellpflege\/#primaryimage"},"thumbnailUrl":"https:\/\/cbdhorses.com\/wp-content\/uploads\/2025\/03\/0-5.png","datePublished":"2024-04-25T09:50:43+00:00","dateModified":"2025-03-10T12:40:37+00:00","breadcrumb":{"@id":"https:\/\/cbdhorses.com\/product\/haut-fellpflege\/#breadcrumb"},"inLanguage":"de","potentialAction":[{"@type":"ReadAction","target":["https:\/\/cbdhorses.com\/product\/haut-fellpflege\/"]}]},{"@type":"ImageObject","inLanguage":"de","@id":"https:\/\/cbdhorses.com\/product\/haut-fellpflege\/#primaryimage","url":"https:\/\/cbdhorses.com\/wp-content\/uploads\/2025\/03\/0-5.png","contentUrl":"https:\/\/cbdhorses.com\/wp-content\/uploads\/2025\/03\/0-5.png","width":1203,"height":1200},{"@type":"BreadcrumbList","@id":"https:\/\/cbdhorses.com\/product\/haut-fellpflege\/#breadcrumb","itemListElement":[{"@type":"ListItem","position":1,"name":"Home","item":"https:\/\/cbdhorses.com\/"},{"@type":"ListItem","position":2,"name":"Shop","item":"https:\/\/cbdhorses.com\/shop\/"},{"@type":"ListItem","position":3,"name":"Haut &amp; Fellpflege"}]},{"@type":"WebSite","@id":"https:\/\/cbdhorses.com\/#website","url":"https:\/\/cbdhorses.com\/","name":"CBD-Pferde","description":"","publisher":{"@id":"https:\/\/cbdhorses.com\/#organization"},"potentialAction":[{"@type":"SearchAction","target":{"@type":"EntryPoint","urlTemplate":"https:\/\/cbdhorses.com\/?s={search_term_string}"},"query-input":{"@type":"PropertyValueSpecification","valueRequired":true,"valueName":"search_term_string"}}],"inLanguage":"de"},{"@type":"Organization","@id":"https:\/\/cbdhorses.com\/#organization","name":"CBD-Pferde","url":"https:\/\/cbdhorses.com\/","logo":{"@type":"ImageObject","inLanguage":"de","@id":"https:\/\/cbdhorses.com\/#\/schema\/logo\/image\/","url":"https:\/\/cbdhorses.com\/wp-content\/uploads\/2021\/04\/logo2_impact.png","contentUrl":"https:\/\/cbdhorses.com\/wp-content\/uploads\/2021\/04\/logo2_impact.png","width":945,"height":358,"caption":"CBD Horses"},"image":{"@id":"https:\/\/cbdhorses.com\/#\/schema\/logo\/image\/"},"sameAs":["https:\/\/www.facebook.com\/ImPulsMethode","https:\/\/www.instagram.com\/impulsmethode\/","https:\/\/www.threads.net\/@impulsmethode","https:\/\/www.youtube.com\/@impulsmethode768"]}]}},"jetpack_sharing_enabled":true,"_links":{"self":[{"href":"https:\/\/cbdhorses.com\/de_de\/wp-json\/wp\/v2\/product\/1504","targetHints":{"allow":["GET"]}}],"collection":[{"href":"https:\/\/cbdhorses.com\/de_de\/wp-json\/wp\/v2\/product"}],"about":[{"href":"https:\/\/cbdhorses.com\/de_de\/wp-json\/wp\/v2\/types\/product"}],"replies":[{"embeddable":true,"href":"https:\/\/cbdhorses.com\/de_de\/wp-json\/wp\/v2\/comments?post=1504"}],"version-history":[{"count":1,"href":"https:\/\/cbdhorses.com\/de_de\/wp-json\/wp\/v2\/product\/1504\/revisions"}],"predecessor-version":[{"id":1553,"href":"https:\/\/cbdhorses.com\/de_de\/wp-json\/wp\/v2\/product\/1504\/revisions\/1553"}],"wp:featuredmedia":[{"embeddable":true,"href":"https:\/\/cbdhorses.com\/de_de\/wp-json\/wp\/v2\/media\/1519"}],"wp:attachment":[{"href":"https:\/\/cbdhorses.com\/de_de\/wp-json\/wp\/v2\/media?parent=1504"}],"wp:term":[{"taxonomy":"product_brand","embeddable":true,"href":"https:\/\/cbdhorses.com\/de_de\/wp-json\/wp\/v2\/product_brand?post=1504"},{"taxonomy":"product_cat","embeddable":true,"href":"https:\/\/cbdhorses.com\/de_de\/wp-json\/wp\/v2\/product_cat?post=1504"},{"taxonomy":"product_tag","embeddable":true,"href":"https:\/\/cbdhorses.com\/de_de\/wp-json\/wp\/v2\/product_tag?post=1504"}],"curies":[{"name":"wp","href":"https:\/\/api.w.org\/{rel}","templated":true}]}}