{"id":1508,"date":"2024-04-25T11:57:09","date_gmt":"2024-04-25T09:57:09","guid":{"rendered":"https:\/\/cbdhorses.com\/?post_type=product&#038;p=1508"},"modified":"2025-03-10T13:14:55","modified_gmt":"2025-03-10T12:14:55","slug":"vet-cbd-extrakt-premium-24-10ml","status":"publish","type":"product","link":"https:\/\/cbdhorses.com\/de_de\/produkt\/vet-cbd-extrakt-premium-24-10ml\/","title":{"rendered":"VET CBD Extrakt Premium 24% 10ml"},"content":{"rendered":"<p><strong>Reine Pflanzenkraft f\u00fcr gro\u00dfe Tiere <\/strong><\/p>\n<p>Die Inhaltsstoffe der Nutzhanfpflanze (Phytocannabinoide), insbesondere das Cannabidiol (CBD) bieten einen breitgef\u00e4cherten Benefit f\u00fcr Tiere. Denn CBD spielt im Endocannabinoid-System eine ausgleichende Rolle. Das VET CBD Extrakt Premium 24 eignet sich f\u00fcr eine Pflege bei gr\u00f6\u00dferen Tieren. Cannabidiol bietet eine vielseitige und breitgef\u00e4cherte Alternative f\u00fcr das Wohlbefinden des Tieres.<\/p>\n<p>Die CBD Naturextrakt f\u00fcr gr\u00f6\u00dfere Tiere kann pr\u00e4zise und sehr flexibel eingesetzt werde. Weitere Pflanzenstoffe (Flavonoide, Phytocannabinoide) im \u00f6ligen Tierpflegeprodukt sorgen f\u00fcr einen nat\u00fcrlichen Synergismus und eine optimale Bioverf\u00fcgbarkeit der Naturstoffe.<\/p>\n<ul>\n<li>F\u00fcr gro\u00dfe Haustiere (auch f\u00fcr \u00fcber 100 kg)<\/li>\n<li>Laktosefrei, fruktosefrei, getreidefrei, farbstofffrei<\/li>\n<li>Ohne Aromastoffe und Konservierungsstoffe<\/li>\n<li>Hanf aus Bio-Anbau<\/li>\n<li>Individuell dosierbar<\/li>\n<li>Pflege durch CBD<\/li>\n<\/ul>\n<p><strong>Einsatzm\u00f6glichkeiten:<\/strong> Breitgef\u00e4cherte Einsatzm\u00f6glichkeiten zur Verbesserung des Wohlbefindens.<\/p>\n<p><strong>Anwendungsempfehlung:<\/strong> Tieren \u00fcber 100 kg 1 &#8211; 4 Tropfen zur Pflege. Die Dosierung ist ein Richtwert und kann je nach Gesundheitsziel und Ansprechen reduziert, wie auch bei Bedarf erh\u00f6ht werden.<\/p>\n<p><strong>Zutaten:<\/strong> Bio Hanfsamen\u00f6l, Hanfextrakt (24%), 0% THC<\/p>\n<table>\n<tbody>\n<tr>\n<td>Menge<\/td>\n<td>10 ml<\/td>\n<\/tr>\n<\/tbody>\n<\/table>","protected":false},"excerpt":{"rendered":"<p>Tierpflegeprodukt f\u00fcr unsere Vierbeiner<\/p>","protected":false},"featured_media":1513,"comment_status":"open","ping_status":"closed","template":"","meta":{"site-sidebar-layout":"default","site-content-layout":"","ast-site-content-layout":"default","site-content-style":"default","site-sidebar-style":"default","ast-global-header-display":"","ast-banner-title-visibility":"","ast-main-header-display":"","ast-hfb-above-header-display":"","ast-hfb-below-header-display":"","ast-hfb-mobile-header-display":"","site-post-title":"","ast-breadcrumbs-content":"","ast-featured-img":"","footer-sml-layout":"","theme-transparent-header-meta":"default","adv-header-id-meta":"","stick-header-meta":"","header-above-stick-meta":"","header-main-stick-meta":"","header-below-stick-meta":"","astra-migrate-meta-layouts":"set","ast-page-background-enabled":"default","ast-page-background-meta":{"desktop":{"background-color":"","background-image":"","background-repeat":"repeat","background-position":"center center","background-size":"auto","background-attachment":"scroll","background-type":"","background-media":"","overlay-type":"","overlay-color":"","overlay-opacity":"","overlay-gradient":""},"tablet":{"background-color":"","background-image":"","background-repeat":"repeat","background-position":"center center","background-size":"auto","background-attachment":"scroll","background-type":"","background-media":"","overlay-type":"","overlay-color":"","overlay-opacity":"","overlay-gradient":""},"mobile":{"background-color":"","background-image":"","background-repeat":"repeat","background-position":"center center","background-size":"auto","background-attachment":"scroll","background-type":"","background-media":"","overlay-type":"","overlay-color":"","overlay-opacity":"","overlay-gradient":""}},"ast-content-background-meta":{"desktop":{"background-color":"var(--ast-global-color-5)","background-image":"","background-repeat":"repeat","background-position":"center center","background-size":"auto","background-attachment":"scroll","background-type":"","background-media":"","overlay-type":"","overlay-color":"","overlay-opacity":"","overlay-gradient":""},"tablet":{"background-color":"var(--ast-global-color-5)","background-image":"","background-repeat":"repeat","background-position":"center center","background-size":"auto","background-attachment":"scroll","background-type":"","background-media":"","overlay-type":"","overlay-color":"","overlay-opacity":"","overlay-gradient":""},"mobile":{"background-color":"var(--ast-global-color-5)","background-image":"","background-repeat":"repeat","background-position":"center center","background-size":"auto","background-attachment":"scroll","background-type":"","background-media":"","overlay-type":"","overlay-color":"","overlay-opacity":"","overlay-gradient":""}}},"product_brand":[],"product_cat":[18,16],"product_tag":[],"class_list":{"0":"post-1508","1":"product","2":"type-product","3":"status-publish","4":"has-post-thumbnail","6":"product_cat-cbd","7":"product_cat-uncategorised","8":"desktop-align-left","9":"tablet-align-left","10":"mobile-align-left","12":"first","13":"instock","14":"taxable","15":"shipping-taxable","16":"purchasable","17":"product-type-simple"},"yoast_head":"<!-- This site is optimized with the Yoast SEO plugin v27.4 - https:\/\/yoast.com\/product\/yoast-seo-wordpress\/ -->\n<title>VET CBD Extrakt Premium 24% 10ml -<\/title>\n<meta name=\"robots\" content=\"index, follow, max-snippet:-1, max-image-preview:large, max-video-preview:-1\" \/>\n<link rel=\"canonical\" href=\"https:\/\/cbdhorses.com\/de_de\/produkt\/vet-cbd-extrakt-premium-24-10ml\/\" \/>\n<meta property=\"og:locale\" content=\"de_DE\" \/>\n<meta property=\"og:type\" content=\"article\" \/>\n<meta property=\"og:title\" content=\"VET CBD Extrakt Premium 24% 10ml -\" \/>\n<meta property=\"og:description\" content=\"Tierpflegeprodukt f\u00fcr unsere Vierbeiner\" \/>\n<meta property=\"og:url\" content=\"https:\/\/cbdhorses.com\/de_de\/produkt\/vet-cbd-extrakt-premium-24-10ml\/\" \/>\n<meta property=\"article:publisher\" content=\"https:\/\/www.facebook.com\/ImPulsMethode\" \/>\n<meta property=\"article:modified_time\" content=\"2025-03-10T12:14:55+00:00\" \/>\n<meta property=\"og:image\" content=\"http:\/\/cbdhorses.com\/wp-content\/uploads\/2025\/03\/0.png\" \/>\n\t<meta property=\"og:image:width\" content=\"1104\" \/>\n\t<meta property=\"og:image:height\" content=\"1600\" \/>\n\t<meta property=\"og:image:type\" content=\"image\/png\" \/>\n<meta name=\"twitter:card\" content=\"summary_large_image\" \/>\n<meta name=\"twitter:label1\" content=\"Gesch\u00e4tzte Lesezeit\" \/>\n\t<meta name=\"twitter:data1\" content=\"1\u00a0Minute\" \/>\n<script type=\"application\/ld+json\" class=\"yoast-schema-graph\">{\"@context\":\"https:\\\/\\\/schema.org\",\"@graph\":[{\"@type\":\"WebPage\",\"@id\":\"https:\\\/\\\/cbdhorses.com\\\/product\\\/vet-cbd-extrakt-premium-24-10ml\\\/\",\"url\":\"https:\\\/\\\/cbdhorses.com\\\/product\\\/vet-cbd-extrakt-premium-24-10ml\\\/\",\"name\":\"VET CBD Extrakt Premium 24% 10ml -\",\"isPartOf\":{\"@id\":\"https:\\\/\\\/cbdhorses.com\\\/#website\"},\"primaryImageOfPage\":{\"@id\":\"https:\\\/\\\/cbdhorses.com\\\/product\\\/vet-cbd-extrakt-premium-24-10ml\\\/#primaryimage\"},\"image\":{\"@id\":\"https:\\\/\\\/cbdhorses.com\\\/product\\\/vet-cbd-extrakt-premium-24-10ml\\\/#primaryimage\"},\"thumbnailUrl\":\"https:\\\/\\\/cbdhorses.com\\\/wp-content\\\/uploads\\\/2025\\\/03\\\/0.png\",\"datePublished\":\"2024-04-25T09:57:09+00:00\",\"dateModified\":\"2025-03-10T12:14:55+00:00\",\"breadcrumb\":{\"@id\":\"https:\\\/\\\/cbdhorses.com\\\/product\\\/vet-cbd-extrakt-premium-24-10ml\\\/#breadcrumb\"},\"inLanguage\":\"de\",\"potentialAction\":[{\"@type\":\"ReadAction\",\"target\":[\"https:\\\/\\\/cbdhorses.com\\\/product\\\/vet-cbd-extrakt-premium-24-10ml\\\/\"]}]},{\"@type\":\"ImageObject\",\"inLanguage\":\"de\",\"@id\":\"https:\\\/\\\/cbdhorses.com\\\/product\\\/vet-cbd-extrakt-premium-24-10ml\\\/#primaryimage\",\"url\":\"https:\\\/\\\/cbdhorses.com\\\/wp-content\\\/uploads\\\/2025\\\/03\\\/0.png\",\"contentUrl\":\"https:\\\/\\\/cbdhorses.com\\\/wp-content\\\/uploads\\\/2025\\\/03\\\/0.png\",\"width\":1104,\"height\":1600},{\"@type\":\"BreadcrumbList\",\"@id\":\"https:\\\/\\\/cbdhorses.com\\\/product\\\/vet-cbd-extrakt-premium-24-10ml\\\/#breadcrumb\",\"itemListElement\":[{\"@type\":\"ListItem\",\"position\":1,\"name\":\"Home\",\"item\":\"https:\\\/\\\/cbdhorses.com\\\/\"},{\"@type\":\"ListItem\",\"position\":2,\"name\":\"Shop\",\"item\":\"https:\\\/\\\/cbdhorses.com\\\/shop\\\/\"},{\"@type\":\"ListItem\",\"position\":3,\"name\":\"VET CBD Extrakt Premium 24% 10ml\"}]},{\"@type\":\"WebSite\",\"@id\":\"https:\\\/\\\/cbdhorses.com\\\/#website\",\"url\":\"https:\\\/\\\/cbdhorses.com\\\/\",\"name\":\"CBD Horses\",\"description\":\"\",\"publisher\":{\"@id\":\"https:\\\/\\\/cbdhorses.com\\\/#organization\"},\"potentialAction\":[{\"@type\":\"SearchAction\",\"target\":{\"@type\":\"EntryPoint\",\"urlTemplate\":\"https:\\\/\\\/cbdhorses.com\\\/?s={search_term_string}\"},\"query-input\":{\"@type\":\"PropertyValueSpecification\",\"valueRequired\":true,\"valueName\":\"search_term_string\"}}],\"inLanguage\":\"de\"},{\"@type\":\"Organization\",\"@id\":\"https:\\\/\\\/cbdhorses.com\\\/#organization\",\"name\":\"CBD Horses\",\"url\":\"https:\\\/\\\/cbdhorses.com\\\/\",\"logo\":{\"@type\":\"ImageObject\",\"inLanguage\":\"de\",\"@id\":\"https:\\\/\\\/cbdhorses.com\\\/#\\\/schema\\\/logo\\\/image\\\/\",\"url\":\"https:\\\/\\\/cbdhorses.com\\\/wp-content\\\/uploads\\\/2021\\\/04\\\/logo2_impact.png\",\"contentUrl\":\"https:\\\/\\\/cbdhorses.com\\\/wp-content\\\/uploads\\\/2021\\\/04\\\/logo2_impact.png\",\"width\":945,\"height\":358,\"caption\":\"CBD Horses\"},\"image\":{\"@id\":\"https:\\\/\\\/cbdhorses.com\\\/#\\\/schema\\\/logo\\\/image\\\/\"},\"sameAs\":[\"https:\\\/\\\/www.facebook.com\\\/ImPulsMethode\",\"https:\\\/\\\/www.instagram.com\\\/impulsmethode\\\/\",\"https:\\\/\\\/www.threads.net\\\/@impulsmethode\",\"https:\\\/\\\/www.youtube.com\\\/@impulsmethode768\"]}]}<\/script>\n<!-- \/ Yoast SEO plugin. -->","yoast_head_json":{"title":"VET CBD Extrakt Premium 24% 10ml -","robots":{"index":"index","follow":"follow","max-snippet":"max-snippet:-1","max-image-preview":"max-image-preview:large","max-video-preview":"max-video-preview:-1"},"canonical":"https:\/\/cbdhorses.com\/de_de\/produkt\/vet-cbd-extrakt-premium-24-10ml\/","og_locale":"de_DE","og_type":"article","og_title":"VET CBD Extrakt Premium 24% 10ml -","og_description":"Tierpflegeprodukt f\u00fcr unsere Vierbeiner","og_url":"https:\/\/cbdhorses.com\/de_de\/produkt\/vet-cbd-extrakt-premium-24-10ml\/","article_publisher":"https:\/\/www.facebook.com\/ImPulsMethode","article_modified_time":"2025-03-10T12:14:55+00:00","og_image":[{"width":1104,"height":1600,"url":"http:\/\/cbdhorses.com\/wp-content\/uploads\/2025\/03\/0.png","type":"image\/png"}],"twitter_card":"summary_large_image","twitter_misc":{"Gesch\u00e4tzte Lesezeit":"1\u00a0Minute"},"schema":{"@context":"https:\/\/schema.org","@graph":[{"@type":"WebPage","@id":"https:\/\/cbdhorses.com\/product\/vet-cbd-extrakt-premium-24-10ml\/","url":"https:\/\/cbdhorses.com\/product\/vet-cbd-extrakt-premium-24-10ml\/","name":"VET CBD Extrakt Premium 24% 10ml -","isPartOf":{"@id":"https:\/\/cbdhorses.com\/#website"},"primaryImageOfPage":{"@id":"https:\/\/cbdhorses.com\/product\/vet-cbd-extrakt-premium-24-10ml\/#primaryimage"},"image":{"@id":"https:\/\/cbdhorses.com\/product\/vet-cbd-extrakt-premium-24-10ml\/#primaryimage"},"thumbnailUrl":"https:\/\/cbdhorses.com\/wp-content\/uploads\/2025\/03\/0.png","datePublished":"2024-04-25T09:57:09+00:00","dateModified":"2025-03-10T12:14:55+00:00","breadcrumb":{"@id":"https:\/\/cbdhorses.com\/product\/vet-cbd-extrakt-premium-24-10ml\/#breadcrumb"},"inLanguage":"de","potentialAction":[{"@type":"ReadAction","target":["https:\/\/cbdhorses.com\/product\/vet-cbd-extrakt-premium-24-10ml\/"]}]},{"@type":"ImageObject","inLanguage":"de","@id":"https:\/\/cbdhorses.com\/product\/vet-cbd-extrakt-premium-24-10ml\/#primaryimage","url":"https:\/\/cbdhorses.com\/wp-content\/uploads\/2025\/03\/0.png","contentUrl":"https:\/\/cbdhorses.com\/wp-content\/uploads\/2025\/03\/0.png","width":1104,"height":1600},{"@type":"BreadcrumbList","@id":"https:\/\/cbdhorses.com\/product\/vet-cbd-extrakt-premium-24-10ml\/#breadcrumb","itemListElement":[{"@type":"ListItem","position":1,"name":"Home","item":"https:\/\/cbdhorses.com\/"},{"@type":"ListItem","position":2,"name":"Shop","item":"https:\/\/cbdhorses.com\/shop\/"},{"@type":"ListItem","position":3,"name":"VET CBD Extrakt Premium 24% 10ml"}]},{"@type":"WebSite","@id":"https:\/\/cbdhorses.com\/#website","url":"https:\/\/cbdhorses.com\/","name":"CBD-Pferde","description":"","publisher":{"@id":"https:\/\/cbdhorses.com\/#organization"},"potentialAction":[{"@type":"SearchAction","target":{"@type":"EntryPoint","urlTemplate":"https:\/\/cbdhorses.com\/?s={search_term_string}"},"query-input":{"@type":"PropertyValueSpecification","valueRequired":true,"valueName":"search_term_string"}}],"inLanguage":"de"},{"@type":"Organization","@id":"https:\/\/cbdhorses.com\/#organization","name":"CBD-Pferde","url":"https:\/\/cbdhorses.com\/","logo":{"@type":"ImageObject","inLanguage":"de","@id":"https:\/\/cbdhorses.com\/#\/schema\/logo\/image\/","url":"https:\/\/cbdhorses.com\/wp-content\/uploads\/2021\/04\/logo2_impact.png","contentUrl":"https:\/\/cbdhorses.com\/wp-content\/uploads\/2021\/04\/logo2_impact.png","width":945,"height":358,"caption":"CBD Horses"},"image":{"@id":"https:\/\/cbdhorses.com\/#\/schema\/logo\/image\/"},"sameAs":["https:\/\/www.facebook.com\/ImPulsMethode","https:\/\/www.instagram.com\/impulsmethode\/","https:\/\/www.threads.net\/@impulsmethode","https:\/\/www.youtube.com\/@impulsmethode768"]}]}},"jetpack_sharing_enabled":true,"_links":{"self":[{"href":"https:\/\/cbdhorses.com\/de_de\/wp-json\/wp\/v2\/product\/1508","targetHints":{"allow":["GET"]}}],"collection":[{"href":"https:\/\/cbdhorses.com\/de_de\/wp-json\/wp\/v2\/product"}],"about":[{"href":"https:\/\/cbdhorses.com\/de_de\/wp-json\/wp\/v2\/types\/product"}],"replies":[{"embeddable":true,"href":"https:\/\/cbdhorses.com\/de_de\/wp-json\/wp\/v2\/comments?post=1508"}],"version-history":[{"count":3,"href":"https:\/\/cbdhorses.com\/de_de\/wp-json\/wp\/v2\/product\/1508\/revisions"}],"predecessor-version":[{"id":1548,"href":"https:\/\/cbdhorses.com\/de_de\/wp-json\/wp\/v2\/product\/1508\/revisions\/1548"}],"wp:featuredmedia":[{"embeddable":true,"href":"https:\/\/cbdhorses.com\/de_de\/wp-json\/wp\/v2\/media\/1513"}],"wp:attachment":[{"href":"https:\/\/cbdhorses.com\/de_de\/wp-json\/wp\/v2\/media?parent=1508"}],"wp:term":[{"taxonomy":"product_brand","embeddable":true,"href":"https:\/\/cbdhorses.com\/de_de\/wp-json\/wp\/v2\/product_brand?post=1508"},{"taxonomy":"product_cat","embeddable":true,"href":"https:\/\/cbdhorses.com\/de_de\/wp-json\/wp\/v2\/product_cat?post=1508"},{"taxonomy":"product_tag","embeddable":true,"href":"https:\/\/cbdhorses.com\/de_de\/wp-json\/wp\/v2\/product_tag?post=1508"}],"curies":[{"name":"wp","href":"https:\/\/api.w.org\/{rel}","templated":true}]}}