{"id":1510,"date":"2024-04-25T11:57:15","date_gmt":"2024-04-25T09:57:15","guid":{"rendered":"https:\/\/cbdhorses.com\/?post_type=product&#038;p=1510"},"modified":"2025-08-17T22:07:24","modified_gmt":"2025-08-17T20:07:24","slug":"haut-fell-spray","status":"publish","type":"product","link":"https:\/\/cbdhorses.com\/de_de\/produkt\/haut-fell-spray\/","title":{"rendered":"Haut &amp; Fell Spray"},"content":{"rendered":"<p>Das offiziell anerkannte Heilwasser aus dem alten Bergwerkstollen in \u00d6blarn, Steiermark ist seit je her eine nat\u00fcrliche Hilfe bei R\u00f6tungen, Juckreiz, Ekzemen und schuppiger Haut. Die Wirkung der Magnesium-Eisen-Sulfat Quelle ist wissenschaftlich best\u00e4tigt. Das Wasser wird einfach 3-5 Mal t\u00e4glich auf die betroffenen Stellen aufgespr\u00fcht &#8211; es k\u00fchlt und stillt den Juckreiz sofort.<\/p>\n<p>Mit seinem niedrigen pH-Wert (etwa 3), dem hohen Sulfat-Gehalt (3112 mg\/l) und der einzigartigen Konzentration an Mineralien weist das Vetrisan Heilwasser eine signifikant antimikrobielle Wirkung auf Bakterien und Sprosspilze auf. Diese ganz besonderen physikalisch-chemischen Eigenschaften sind f\u00fcr die nat\u00fcrliche Heilkraft bei entz\u00fcndlichen und infekti\u00f6sen Hauterkrankungen verantwortlich.<\/p>\n<p>In \u00d6sterreich ist das Wasser offiziell als Heilwasser der Kategorie \u201eMagnesium-Eisen-Sulfat Quelle\u201c anerkannt.<\/p>\n<p>F\u00fcr die regelm\u00e4\u00dfige Anwendung sollten Sie die betroffenen Hautstellen 2 &#8211; 5 Mal t\u00e4glich einspr\u00fchen und das Heilwasser einziehen lassen.<\/p>\n<p>Die Anwendungsdauer sollte mindestens 2 \u2013 6 Wochen betragen.<\/p>\n<ul>\n<li>Reizlindernd und entz\u00fcndungshemmend<\/li>\n<li>Erh\u00f6ht den Feuchtigkeitsgehalt der Haut<\/li>\n<li>Lindert den Juckreiz und ist angenehm k\u00fchlend<\/li>\n<\/ul>\n<p>Reines unverf\u00e4lschtes Heilwasser aud der Aquatadeus Heilquelle in \u00d6blarn \u00d6sterreich.<\/p>\n<p><strong>Anwendung:<\/strong> Betroffene Hautstellen 2-5 Mal t\u00e4glich einspr\u00fchen und das Heilwasser einziehen lassen. Die Anwendungsdauer sollte mindestens 2-6 Wochen betragen. Das Heilwasser ist f\u00fcr eine wiederholte bzw. dauerhafte Anwendung geeignet.<\/p>\n<p>Die Inhaltsstoffe gem\u00e4\u00df \u201eGro\u00dfer Heilwasser Analyse der Universit\u00e4t Graz \u00d6sterreich (Institut f\u00fcr Chemie) vom 20.6.2006\u201c in mg\/kg sind:<\/p>\n<p>Bestandteile mg\/kg<\/p>\n<p>Sulfat 3112,4<\/p>\n<p>Magnesium 486,7<\/p>\n<p>Eisen (III) 254,7<\/p>\n<p>Eisen (II) 178,4<\/p>\n<p>Mangan 26,5<\/p>\n<p>Zink 25,6<\/p>\n<p>Calcium 12,4<\/p>\n<p>Natrium 10,1<\/p>\n<p>Kalium 4,7<\/p>\n<p>Wissenschaftlich erwiesene Wirkung bei: Neurodermitis, Ekzemen, Schuppenflechten, Juckreiz und R\u00f6tungen, Fu\u00df- und Nagelpilz<\/p>\n<table>\n<tbody>\n<tr>\n<td>Menge<\/td>\n<td>150 ml<\/td>\n<\/tr>\n<\/tbody>\n<\/table>","protected":false},"excerpt":{"rendered":"<p>100% reines Heilwasser<\/p>","protected":false},"featured_media":1515,"comment_status":"open","ping_status":"closed","template":"","meta":{"site-sidebar-layout":"default","site-content-layout":"","ast-site-content-layout":"default","site-content-style":"default","site-sidebar-style":"default","ast-global-header-display":"","ast-banner-title-visibility":"","ast-main-header-display":"","ast-hfb-above-header-display":"","ast-hfb-below-header-display":"","ast-hfb-mobile-header-display":"","site-post-title":"","ast-breadcrumbs-content":"","ast-featured-img":"","footer-sml-layout":"","theme-transparent-header-meta":"default","adv-header-id-meta":"","stick-header-meta":"","header-above-stick-meta":"","header-main-stick-meta":"","header-below-stick-meta":"","astra-migrate-meta-layouts":"set","ast-page-background-enabled":"default","ast-page-background-meta":{"desktop":{"background-color":"","background-image":"","background-repeat":"repeat","background-position":"center center","background-size":"auto","background-attachment":"scroll","background-type":"","background-media":"","overlay-type":"","overlay-color":"","overlay-opacity":"","overlay-gradient":""},"tablet":{"background-color":"","background-image":"","background-repeat":"repeat","background-position":"center center","background-size":"auto","background-attachment":"scroll","background-type":"","background-media":"","overlay-type":"","overlay-color":"","overlay-opacity":"","overlay-gradient":""},"mobile":{"background-color":"","background-image":"","background-repeat":"repeat","background-position":"center center","background-size":"auto","background-attachment":"scroll","background-type":"","background-media":"","overlay-type":"","overlay-color":"","overlay-opacity":"","overlay-gradient":""}},"ast-content-background-meta":{"desktop":{"background-color":"var(--ast-global-color-5)","background-image":"","background-repeat":"repeat","background-position":"center center","background-size":"auto","background-attachment":"scroll","background-type":"","background-media":"","overlay-type":"","overlay-color":"","overlay-opacity":"","overlay-gradient":""},"tablet":{"background-color":"var(--ast-global-color-5)","background-image":"","background-repeat":"repeat","background-position":"center center","background-size":"auto","background-attachment":"scroll","background-type":"","background-media":"","overlay-type":"","overlay-color":"","overlay-opacity":"","overlay-gradient":""},"mobile":{"background-color":"var(--ast-global-color-5)","background-image":"","background-repeat":"repeat","background-position":"center center","background-size":"auto","background-attachment":"scroll","background-type":"","background-media":"","overlay-type":"","overlay-color":"","overlay-opacity":"","overlay-gradient":""}}},"product_brand":[],"product_cat":[18,16],"product_tag":[],"class_list":{"0":"post-1510","1":"product","2":"type-product","3":"status-publish","4":"has-post-thumbnail","6":"product_cat-cbd","7":"product_cat-uncategorised","8":"desktop-align-left","9":"tablet-align-left","10":"mobile-align-left","12":"first","13":"instock","14":"taxable","15":"shipping-taxable","16":"purchasable","17":"product-type-simple"},"yoast_head":"<!-- This site is optimized with the Yoast SEO plugin v27.5 - https:\/\/yoast.com\/product\/yoast-seo-wordpress\/ -->\n<title>Haut &amp; Fell Spray -<\/title>\n<meta name=\"robots\" content=\"index, follow, max-snippet:-1, max-image-preview:large, max-video-preview:-1\" \/>\n<link rel=\"canonical\" href=\"https:\/\/cbdhorses.com\/de_de\/produkt\/haut-fell-spray\/\" \/>\n<meta property=\"og:locale\" content=\"de_DE\" \/>\n<meta property=\"og:type\" content=\"article\" \/>\n<meta property=\"og:title\" content=\"Haut &amp; Fell Spray -\" \/>\n<meta property=\"og:description\" content=\"100% reines Heilwasser\" \/>\n<meta property=\"og:url\" content=\"https:\/\/cbdhorses.com\/de_de\/produkt\/haut-fell-spray\/\" \/>\n<meta property=\"article:publisher\" content=\"https:\/\/www.facebook.com\/ImPulsMethode\" \/>\n<meta property=\"article:modified_time\" content=\"2025-08-17T20:07:24+00:00\" \/>\n<meta property=\"og:image\" content=\"http:\/\/cbdhorses.com\/wp-content\/uploads\/2025\/03\/0-1.webp\" \/>\n\t<meta property=\"og:image:width\" content=\"285\" \/>\n\t<meta property=\"og:image:height\" content=\"1200\" \/>\n\t<meta property=\"og:image:type\" content=\"image\/webp\" \/>\n<meta name=\"twitter:card\" content=\"summary_large_image\" \/>\n<meta name=\"twitter:label1\" content=\"Gesch\u00e4tzte Lesezeit\" \/>\n\t<meta name=\"twitter:data1\" content=\"2\u00a0Minuten\" \/>\n<script type=\"application\/ld+json\" class=\"yoast-schema-graph\">{\"@context\":\"https:\\\/\\\/schema.org\",\"@graph\":[{\"@type\":\"WebPage\",\"@id\":\"https:\\\/\\\/cbdhorses.com\\\/product\\\/haut-fell-spray\\\/\",\"url\":\"https:\\\/\\\/cbdhorses.com\\\/product\\\/haut-fell-spray\\\/\",\"name\":\"Haut &amp; Fell Spray -\",\"isPartOf\":{\"@id\":\"https:\\\/\\\/cbdhorses.com\\\/#website\"},\"primaryImageOfPage\":{\"@id\":\"https:\\\/\\\/cbdhorses.com\\\/product\\\/haut-fell-spray\\\/#primaryimage\"},\"image\":{\"@id\":\"https:\\\/\\\/cbdhorses.com\\\/product\\\/haut-fell-spray\\\/#primaryimage\"},\"thumbnailUrl\":\"https:\\\/\\\/cbdhorses.com\\\/wp-content\\\/uploads\\\/2025\\\/03\\\/0-1.webp\",\"datePublished\":\"2024-04-25T09:57:15+00:00\",\"dateModified\":\"2025-08-17T20:07:24+00:00\",\"breadcrumb\":{\"@id\":\"https:\\\/\\\/cbdhorses.com\\\/product\\\/haut-fell-spray\\\/#breadcrumb\"},\"inLanguage\":\"de\",\"potentialAction\":[{\"@type\":\"ReadAction\",\"target\":[\"https:\\\/\\\/cbdhorses.com\\\/product\\\/haut-fell-spray\\\/\"]}]},{\"@type\":\"ImageObject\",\"inLanguage\":\"de\",\"@id\":\"https:\\\/\\\/cbdhorses.com\\\/product\\\/haut-fell-spray\\\/#primaryimage\",\"url\":\"https:\\\/\\\/cbdhorses.com\\\/wp-content\\\/uploads\\\/2025\\\/03\\\/0-1.webp\",\"contentUrl\":\"https:\\\/\\\/cbdhorses.com\\\/wp-content\\\/uploads\\\/2025\\\/03\\\/0-1.webp\",\"width\":285,\"height\":1200},{\"@type\":\"BreadcrumbList\",\"@id\":\"https:\\\/\\\/cbdhorses.com\\\/product\\\/haut-fell-spray\\\/#breadcrumb\",\"itemListElement\":[{\"@type\":\"ListItem\",\"position\":1,\"name\":\"Home\",\"item\":\"https:\\\/\\\/cbdhorses.com\\\/\"},{\"@type\":\"ListItem\",\"position\":2,\"name\":\"Shop\",\"item\":\"https:\\\/\\\/cbdhorses.com\\\/shop\\\/\"},{\"@type\":\"ListItem\",\"position\":3,\"name\":\"Haut &amp; Fell Spray\"}]},{\"@type\":\"WebSite\",\"@id\":\"https:\\\/\\\/cbdhorses.com\\\/#website\",\"url\":\"https:\\\/\\\/cbdhorses.com\\\/\",\"name\":\"CBD Horses\",\"description\":\"\",\"publisher\":{\"@id\":\"https:\\\/\\\/cbdhorses.com\\\/#organization\"},\"potentialAction\":[{\"@type\":\"SearchAction\",\"target\":{\"@type\":\"EntryPoint\",\"urlTemplate\":\"https:\\\/\\\/cbdhorses.com\\\/?s={search_term_string}\"},\"query-input\":{\"@type\":\"PropertyValueSpecification\",\"valueRequired\":true,\"valueName\":\"search_term_string\"}}],\"inLanguage\":\"de\"},{\"@type\":\"Organization\",\"@id\":\"https:\\\/\\\/cbdhorses.com\\\/#organization\",\"name\":\"CBD Horses\",\"url\":\"https:\\\/\\\/cbdhorses.com\\\/\",\"logo\":{\"@type\":\"ImageObject\",\"inLanguage\":\"de\",\"@id\":\"https:\\\/\\\/cbdhorses.com\\\/#\\\/schema\\\/logo\\\/image\\\/\",\"url\":\"https:\\\/\\\/cbdhorses.com\\\/wp-content\\\/uploads\\\/2021\\\/04\\\/logo2_impact.png\",\"contentUrl\":\"https:\\\/\\\/cbdhorses.com\\\/wp-content\\\/uploads\\\/2021\\\/04\\\/logo2_impact.png\",\"width\":945,\"height\":358,\"caption\":\"CBD Horses\"},\"image\":{\"@id\":\"https:\\\/\\\/cbdhorses.com\\\/#\\\/schema\\\/logo\\\/image\\\/\"},\"sameAs\":[\"https:\\\/\\\/www.facebook.com\\\/ImPulsMethode\",\"https:\\\/\\\/www.instagram.com\\\/impulsmethode\\\/\",\"https:\\\/\\\/www.threads.net\\\/@impulsmethode\",\"https:\\\/\\\/www.youtube.com\\\/@impulsmethode768\"]}]}<\/script>\n<!-- \/ Yoast SEO plugin. -->","yoast_head_json":{"title":"Haut &amp; Fell Spray -","robots":{"index":"index","follow":"follow","max-snippet":"max-snippet:-1","max-image-preview":"max-image-preview:large","max-video-preview":"max-video-preview:-1"},"canonical":"https:\/\/cbdhorses.com\/de_de\/produkt\/haut-fell-spray\/","og_locale":"de_DE","og_type":"article","og_title":"Haut &amp; Fell Spray -","og_description":"100% reines Heilwasser","og_url":"https:\/\/cbdhorses.com\/de_de\/produkt\/haut-fell-spray\/","article_publisher":"https:\/\/www.facebook.com\/ImPulsMethode","article_modified_time":"2025-08-17T20:07:24+00:00","og_image":[{"width":285,"height":1200,"url":"http:\/\/cbdhorses.com\/wp-content\/uploads\/2025\/03\/0-1.webp","type":"image\/webp"}],"twitter_card":"summary_large_image","twitter_misc":{"Gesch\u00e4tzte Lesezeit":"2\u00a0Minuten"},"schema":{"@context":"https:\/\/schema.org","@graph":[{"@type":"WebPage","@id":"https:\/\/cbdhorses.com\/product\/haut-fell-spray\/","url":"https:\/\/cbdhorses.com\/product\/haut-fell-spray\/","name":"Haut &amp; Fell Spray -","isPartOf":{"@id":"https:\/\/cbdhorses.com\/#website"},"primaryImageOfPage":{"@id":"https:\/\/cbdhorses.com\/product\/haut-fell-spray\/#primaryimage"},"image":{"@id":"https:\/\/cbdhorses.com\/product\/haut-fell-spray\/#primaryimage"},"thumbnailUrl":"https:\/\/cbdhorses.com\/wp-content\/uploads\/2025\/03\/0-1.webp","datePublished":"2024-04-25T09:57:15+00:00","dateModified":"2025-08-17T20:07:24+00:00","breadcrumb":{"@id":"https:\/\/cbdhorses.com\/product\/haut-fell-spray\/#breadcrumb"},"inLanguage":"de","potentialAction":[{"@type":"ReadAction","target":["https:\/\/cbdhorses.com\/product\/haut-fell-spray\/"]}]},{"@type":"ImageObject","inLanguage":"de","@id":"https:\/\/cbdhorses.com\/product\/haut-fell-spray\/#primaryimage","url":"https:\/\/cbdhorses.com\/wp-content\/uploads\/2025\/03\/0-1.webp","contentUrl":"https:\/\/cbdhorses.com\/wp-content\/uploads\/2025\/03\/0-1.webp","width":285,"height":1200},{"@type":"BreadcrumbList","@id":"https:\/\/cbdhorses.com\/product\/haut-fell-spray\/#breadcrumb","itemListElement":[{"@type":"ListItem","position":1,"name":"Home","item":"https:\/\/cbdhorses.com\/"},{"@type":"ListItem","position":2,"name":"Shop","item":"https:\/\/cbdhorses.com\/shop\/"},{"@type":"ListItem","position":3,"name":"Haut &amp; Fell Spray"}]},{"@type":"WebSite","@id":"https:\/\/cbdhorses.com\/#website","url":"https:\/\/cbdhorses.com\/","name":"CBD-Pferde","description":"","publisher":{"@id":"https:\/\/cbdhorses.com\/#organization"},"potentialAction":[{"@type":"SearchAction","target":{"@type":"EntryPoint","urlTemplate":"https:\/\/cbdhorses.com\/?s={search_term_string}"},"query-input":{"@type":"PropertyValueSpecification","valueRequired":true,"valueName":"search_term_string"}}],"inLanguage":"de"},{"@type":"Organization","@id":"https:\/\/cbdhorses.com\/#organization","name":"CBD-Pferde","url":"https:\/\/cbdhorses.com\/","logo":{"@type":"ImageObject","inLanguage":"de","@id":"https:\/\/cbdhorses.com\/#\/schema\/logo\/image\/","url":"https:\/\/cbdhorses.com\/wp-content\/uploads\/2021\/04\/logo2_impact.png","contentUrl":"https:\/\/cbdhorses.com\/wp-content\/uploads\/2021\/04\/logo2_impact.png","width":945,"height":358,"caption":"CBD Horses"},"image":{"@id":"https:\/\/cbdhorses.com\/#\/schema\/logo\/image\/"},"sameAs":["https:\/\/www.facebook.com\/ImPulsMethode","https:\/\/www.instagram.com\/impulsmethode\/","https:\/\/www.threads.net\/@impulsmethode","https:\/\/www.youtube.com\/@impulsmethode768"]}]}},"jetpack_sharing_enabled":true,"_links":{"self":[{"href":"https:\/\/cbdhorses.com\/de_de\/wp-json\/wp\/v2\/product\/1510","targetHints":{"allow":["GET"]}}],"collection":[{"href":"https:\/\/cbdhorses.com\/de_de\/wp-json\/wp\/v2\/product"}],"about":[{"href":"https:\/\/cbdhorses.com\/de_de\/wp-json\/wp\/v2\/types\/product"}],"replies":[{"embeddable":true,"href":"https:\/\/cbdhorses.com\/de_de\/wp-json\/wp\/v2\/comments?post=1510"}],"version-history":[{"count":1,"href":"https:\/\/cbdhorses.com\/de_de\/wp-json\/wp\/v2\/product\/1510\/revisions"}],"predecessor-version":[{"id":1549,"href":"https:\/\/cbdhorses.com\/de_de\/wp-json\/wp\/v2\/product\/1510\/revisions\/1549"}],"wp:featuredmedia":[{"embeddable":true,"href":"https:\/\/cbdhorses.com\/de_de\/wp-json\/wp\/v2\/media\/1515"}],"wp:attachment":[{"href":"https:\/\/cbdhorses.com\/de_de\/wp-json\/wp\/v2\/media?parent=1510"}],"wp:term":[{"taxonomy":"product_brand","embeddable":true,"href":"https:\/\/cbdhorses.com\/de_de\/wp-json\/wp\/v2\/product_brand?post=1510"},{"taxonomy":"product_cat","embeddable":true,"href":"https:\/\/cbdhorses.com\/de_de\/wp-json\/wp\/v2\/product_cat?post=1510"},{"taxonomy":"product_tag","embeddable":true,"href":"https:\/\/cbdhorses.com\/de_de\/wp-json\/wp\/v2\/product_tag?post=1510"}],"curies":[{"name":"wp","href":"https:\/\/api.w.org\/{rel}","templated":true}]}}