{"id":1511,"date":"2025-03-04T12:56:00","date_gmt":"2025-03-04T11:56:00","guid":{"rendered":"https:\/\/cbdhorses.com\/?post_type=product&#038;p=1511"},"modified":"2026-01-10T16:19:35","modified_gmt":"2026-01-10T15:19:35","slug":"cbd-ol-fur-pferde-30","status":"publish","type":"product","link":"https:\/\/cbdhorses.com\/de_de\/produkt\/cbd-ol-fur-pferde-30\/","title":{"rendered":"CBD \u00d6l f\u00fcr Pferde 30%"},"content":{"rendered":"<p>Pferde besitzen, wie wir Menschen, ein k\u00f6rpereigenes Endocannabinoid-System und k\u00f6nnen von den umfassenden Effekten von CBD profitieren. Das speziell f\u00fcr unsere gro\u00dfen Lieblinge entwickelte CBD \u00d6l f\u00fcr Pferde kombiniert den nat\u00fcrlichen CBD Gehalt (30%) von Hanf\u00f6l mit den Vorz\u00fcgen von Bio-Leinsamen\u00f6l. Jeder Pferdebesitzer sch\u00e4tzt die Vorteile von Lein\u00f6l f\u00fcr die Haut- und Fellpflege seines geliebten Vierbeiners. Deshalb haben wir uns entschieden, Bio Leinsamen- und Bio Hanf\u00f6l im Verh\u00e4ltnis 50:50 als Tr\u00e4ger\u00f6l f\u00fcr unser CBD \u00d6l f\u00fcr Pferde zu verwenden.<\/p>\n<p>&nbsp;<\/p>\n<p>So profitiert Ihr gro\u00dfer Liebling von den Vorteilen zweier hochwertiger Bio-\u00d6le. Lein\u00f6l ist reich an Eiwei\u00df, Selen und den Vitaminen B1, B2 und B6. Das Hanfsamen\u00f6l enth\u00e4lt wertvolle Omega 3 plus 6 Fetts\u00e4uren, Linolens\u00e4ure und reichlich Vitamin E. Erg\u00e4nzt mit unserem Hanfmehl-Kamillen-Mazerat bringen wir die nat\u00fcrlichen Cannabinoide und sekund\u00e4ren Pflanzenstoffe der Kamillenbl\u00fcte in das CBD \u00d6l f\u00fcr Pferde. Weil Ihr treuer Begleiter nur das Beste verdient hat.<\/p>\n<p>&nbsp;<\/p>\n<p>Benefits von Hanf\u00f6l f\u00fcr Pferde:<\/p>\n<p>&nbsp;<\/p>\n<ul>\n<li>Von Natur aus reich an CBD<\/li>\n<li>Mit den pflegenden Eigenschaften von Kamille, Hanf- und Leinsamen\u00f6l<\/li>\n<li>Aus kontrolliert biologischem Anbau<\/li>\n<li>Ideal abgestimmt auf die Bed\u00fcrfnisse von Pferden<\/li>\n<li>Sehr ergiebig<\/li>\n<\/ul>","protected":false},"excerpt":{"rendered":"<p>CBD \u00d6l f\u00fcr Pferde 30%, Von Natur aus reich an CBD<\/p>","protected":false},"featured_media":1514,"comment_status":"open","ping_status":"closed","template":"","meta":{"site-sidebar-layout":"default","site-content-layout":"","ast-site-content-layout":"default","site-content-style":"default","site-sidebar-style":"default","ast-global-header-display":"","ast-banner-title-visibility":"","ast-main-header-display":"","ast-hfb-above-header-display":"","ast-hfb-below-header-display":"","ast-hfb-mobile-header-display":"","site-post-title":"","ast-breadcrumbs-content":"","ast-featured-img":"","footer-sml-layout":"","theme-transparent-header-meta":"default","adv-header-id-meta":"","stick-header-meta":"","header-above-stick-meta":"","header-main-stick-meta":"","header-below-stick-meta":"","astra-migrate-meta-layouts":"set","ast-page-background-enabled":"default","ast-page-background-meta":{"desktop":{"background-color":"","background-image":"","background-repeat":"repeat","background-position":"center center","background-size":"auto","background-attachment":"scroll","background-type":"","background-media":"","overlay-type":"","overlay-color":"","overlay-opacity":"","overlay-gradient":""},"tablet":{"background-color":"","background-image":"","background-repeat":"repeat","background-position":"center center","background-size":"auto","background-attachment":"scroll","background-type":"","background-media":"","overlay-type":"","overlay-color":"","overlay-opacity":"","overlay-gradient":""},"mobile":{"background-color":"","background-image":"","background-repeat":"repeat","background-position":"center center","background-size":"auto","background-attachment":"scroll","background-type":"","background-media":"","overlay-type":"","overlay-color":"","overlay-opacity":"","overlay-gradient":""}},"ast-content-background-meta":{"desktop":{"background-color":"var(--ast-global-color-5)","background-image":"","background-repeat":"repeat","background-position":"center center","background-size":"auto","background-attachment":"scroll","background-type":"","background-media":"","overlay-type":"","overlay-color":"","overlay-opacity":"","overlay-gradient":""},"tablet":{"background-color":"var(--ast-global-color-5)","background-image":"","background-repeat":"repeat","background-position":"center center","background-size":"auto","background-attachment":"scroll","background-type":"","background-media":"","overlay-type":"","overlay-color":"","overlay-opacity":"","overlay-gradient":""},"mobile":{"background-color":"var(--ast-global-color-5)","background-image":"","background-repeat":"repeat","background-position":"center center","background-size":"auto","background-attachment":"scroll","background-type":"","background-media":"","overlay-type":"","overlay-color":"","overlay-opacity":"","overlay-gradient":""}}},"product_brand":[],"product_cat":[18,16],"product_tag":[],"class_list":{"0":"post-1511","1":"product","2":"type-product","3":"status-publish","4":"has-post-thumbnail","6":"product_cat-cbd","7":"product_cat-uncategorised","8":"desktop-align-left","9":"tablet-align-left","10":"mobile-align-left","12":"first","13":"instock","14":"taxable","15":"shipping-taxable","16":"purchasable","17":"product-type-simple"},"yoast_head":"<!-- This site is optimized with the Yoast SEO plugin v27.4 - https:\/\/yoast.com\/product\/yoast-seo-wordpress\/ -->\n<title>CBD \u00d6l f\u00fcr Pferde 30% -<\/title>\n<meta name=\"robots\" content=\"index, follow, max-snippet:-1, max-image-preview:large, max-video-preview:-1\" \/>\n<link rel=\"canonical\" href=\"https:\/\/cbdhorses.com\/de_de\/produkt\/cbd-ol-fur-pferde-30\/\" \/>\n<meta property=\"og:locale\" content=\"de_DE\" \/>\n<meta property=\"og:type\" content=\"article\" \/>\n<meta property=\"og:title\" content=\"CBD \u00d6l f\u00fcr Pferde 30% -\" \/>\n<meta property=\"og:description\" content=\"CBD \u00d6l f\u00fcr Pferde 30%, Von Natur aus reich an CBD\" \/>\n<meta property=\"og:url\" content=\"https:\/\/cbdhorses.com\/de_de\/produkt\/cbd-ol-fur-pferde-30\/\" \/>\n<meta property=\"article:publisher\" content=\"https:\/\/www.facebook.com\/ImPulsMethode\" \/>\n<meta property=\"article:modified_time\" content=\"2026-01-10T15:19:35+00:00\" \/>\n<meta property=\"og:image\" content=\"http:\/\/cbdhorses.com\/wp-content\/uploads\/2025\/03\/0.png\" \/>\n\t<meta property=\"og:image:width\" content=\"1104\" \/>\n\t<meta property=\"og:image:height\" content=\"1600\" \/>\n\t<meta property=\"og:image:type\" content=\"image\/png\" \/>\n<meta name=\"twitter:card\" content=\"summary_large_image\" \/>\n<meta name=\"twitter:label1\" content=\"Gesch\u00e4tzte Lesezeit\" \/>\n\t<meta name=\"twitter:data1\" content=\"1\u00a0Minute\" \/>\n<script type=\"application\/ld+json\" class=\"yoast-schema-graph\">{\"@context\":\"https:\\\/\\\/schema.org\",\"@graph\":[{\"@type\":\"WebPage\",\"@id\":\"https:\\\/\\\/cbdhorses.com\\\/product\\\/cbd-ol-fur-pferde-30\\\/\",\"url\":\"https:\\\/\\\/cbdhorses.com\\\/product\\\/cbd-ol-fur-pferde-30\\\/\",\"name\":\"CBD \u00d6l f\u00fcr Pferde 30% -\",\"isPartOf\":{\"@id\":\"https:\\\/\\\/cbdhorses.com\\\/#website\"},\"primaryImageOfPage\":{\"@id\":\"https:\\\/\\\/cbdhorses.com\\\/product\\\/cbd-ol-fur-pferde-30\\\/#primaryimage\"},\"image\":{\"@id\":\"https:\\\/\\\/cbdhorses.com\\\/product\\\/cbd-ol-fur-pferde-30\\\/#primaryimage\"},\"thumbnailUrl\":\"https:\\\/\\\/cbdhorses.com\\\/wp-content\\\/uploads\\\/2025\\\/03\\\/0.png\",\"datePublished\":\"2025-03-04T11:56:00+00:00\",\"dateModified\":\"2026-01-10T15:19:35+00:00\",\"breadcrumb\":{\"@id\":\"https:\\\/\\\/cbdhorses.com\\\/product\\\/cbd-ol-fur-pferde-30\\\/#breadcrumb\"},\"inLanguage\":\"de\",\"potentialAction\":[{\"@type\":\"ReadAction\",\"target\":[\"https:\\\/\\\/cbdhorses.com\\\/product\\\/cbd-ol-fur-pferde-30\\\/\"]}]},{\"@type\":\"ImageObject\",\"inLanguage\":\"de\",\"@id\":\"https:\\\/\\\/cbdhorses.com\\\/product\\\/cbd-ol-fur-pferde-30\\\/#primaryimage\",\"url\":\"https:\\\/\\\/cbdhorses.com\\\/wp-content\\\/uploads\\\/2025\\\/03\\\/0.png\",\"contentUrl\":\"https:\\\/\\\/cbdhorses.com\\\/wp-content\\\/uploads\\\/2025\\\/03\\\/0.png\",\"width\":1104,\"height\":1600},{\"@type\":\"BreadcrumbList\",\"@id\":\"https:\\\/\\\/cbdhorses.com\\\/product\\\/cbd-ol-fur-pferde-30\\\/#breadcrumb\",\"itemListElement\":[{\"@type\":\"ListItem\",\"position\":1,\"name\":\"Home\",\"item\":\"https:\\\/\\\/cbdhorses.com\\\/\"},{\"@type\":\"ListItem\",\"position\":2,\"name\":\"Shop\",\"item\":\"https:\\\/\\\/cbdhorses.com\\\/shop\\\/\"},{\"@type\":\"ListItem\",\"position\":3,\"name\":\"CBD \u00d6l f\u00fcr Pferde 30%\"}]},{\"@type\":\"WebSite\",\"@id\":\"https:\\\/\\\/cbdhorses.com\\\/#website\",\"url\":\"https:\\\/\\\/cbdhorses.com\\\/\",\"name\":\"CBD Horses\",\"description\":\"\",\"publisher\":{\"@id\":\"https:\\\/\\\/cbdhorses.com\\\/#organization\"},\"potentialAction\":[{\"@type\":\"SearchAction\",\"target\":{\"@type\":\"EntryPoint\",\"urlTemplate\":\"https:\\\/\\\/cbdhorses.com\\\/?s={search_term_string}\"},\"query-input\":{\"@type\":\"PropertyValueSpecification\",\"valueRequired\":true,\"valueName\":\"search_term_string\"}}],\"inLanguage\":\"de\"},{\"@type\":\"Organization\",\"@id\":\"https:\\\/\\\/cbdhorses.com\\\/#organization\",\"name\":\"CBD Horses\",\"url\":\"https:\\\/\\\/cbdhorses.com\\\/\",\"logo\":{\"@type\":\"ImageObject\",\"inLanguage\":\"de\",\"@id\":\"https:\\\/\\\/cbdhorses.com\\\/#\\\/schema\\\/logo\\\/image\\\/\",\"url\":\"https:\\\/\\\/cbdhorses.com\\\/wp-content\\\/uploads\\\/2021\\\/04\\\/logo2_impact.png\",\"contentUrl\":\"https:\\\/\\\/cbdhorses.com\\\/wp-content\\\/uploads\\\/2021\\\/04\\\/logo2_impact.png\",\"width\":945,\"height\":358,\"caption\":\"CBD Horses\"},\"image\":{\"@id\":\"https:\\\/\\\/cbdhorses.com\\\/#\\\/schema\\\/logo\\\/image\\\/\"},\"sameAs\":[\"https:\\\/\\\/www.facebook.com\\\/ImPulsMethode\",\"https:\\\/\\\/www.instagram.com\\\/impulsmethode\\\/\",\"https:\\\/\\\/www.threads.net\\\/@impulsmethode\",\"https:\\\/\\\/www.youtube.com\\\/@impulsmethode768\"]}]}<\/script>\n<!-- \/ Yoast SEO plugin. -->","yoast_head_json":{"title":"CBD \u00d6l f\u00fcr Pferde 30% -","robots":{"index":"index","follow":"follow","max-snippet":"max-snippet:-1","max-image-preview":"max-image-preview:large","max-video-preview":"max-video-preview:-1"},"canonical":"https:\/\/cbdhorses.com\/de_de\/produkt\/cbd-ol-fur-pferde-30\/","og_locale":"de_DE","og_type":"article","og_title":"CBD \u00d6l f\u00fcr Pferde 30% -","og_description":"CBD \u00d6l f\u00fcr Pferde 30%, Von Natur aus reich an CBD","og_url":"https:\/\/cbdhorses.com\/de_de\/produkt\/cbd-ol-fur-pferde-30\/","article_publisher":"https:\/\/www.facebook.com\/ImPulsMethode","article_modified_time":"2026-01-10T15:19:35+00:00","og_image":[{"width":1104,"height":1600,"url":"http:\/\/cbdhorses.com\/wp-content\/uploads\/2025\/03\/0.png","type":"image\/png"}],"twitter_card":"summary_large_image","twitter_misc":{"Gesch\u00e4tzte Lesezeit":"1\u00a0Minute"},"schema":{"@context":"https:\/\/schema.org","@graph":[{"@type":"WebPage","@id":"https:\/\/cbdhorses.com\/product\/cbd-ol-fur-pferde-30\/","url":"https:\/\/cbdhorses.com\/product\/cbd-ol-fur-pferde-30\/","name":"CBD \u00d6l f\u00fcr Pferde 30% -","isPartOf":{"@id":"https:\/\/cbdhorses.com\/#website"},"primaryImageOfPage":{"@id":"https:\/\/cbdhorses.com\/product\/cbd-ol-fur-pferde-30\/#primaryimage"},"image":{"@id":"https:\/\/cbdhorses.com\/product\/cbd-ol-fur-pferde-30\/#primaryimage"},"thumbnailUrl":"https:\/\/cbdhorses.com\/wp-content\/uploads\/2025\/03\/0.png","datePublished":"2025-03-04T11:56:00+00:00","dateModified":"2026-01-10T15:19:35+00:00","breadcrumb":{"@id":"https:\/\/cbdhorses.com\/product\/cbd-ol-fur-pferde-30\/#breadcrumb"},"inLanguage":"de","potentialAction":[{"@type":"ReadAction","target":["https:\/\/cbdhorses.com\/product\/cbd-ol-fur-pferde-30\/"]}]},{"@type":"ImageObject","inLanguage":"de","@id":"https:\/\/cbdhorses.com\/product\/cbd-ol-fur-pferde-30\/#primaryimage","url":"https:\/\/cbdhorses.com\/wp-content\/uploads\/2025\/03\/0.png","contentUrl":"https:\/\/cbdhorses.com\/wp-content\/uploads\/2025\/03\/0.png","width":1104,"height":1600},{"@type":"BreadcrumbList","@id":"https:\/\/cbdhorses.com\/product\/cbd-ol-fur-pferde-30\/#breadcrumb","itemListElement":[{"@type":"ListItem","position":1,"name":"Home","item":"https:\/\/cbdhorses.com\/"},{"@type":"ListItem","position":2,"name":"Shop","item":"https:\/\/cbdhorses.com\/shop\/"},{"@type":"ListItem","position":3,"name":"CBD \u00d6l f\u00fcr Pferde 30%"}]},{"@type":"WebSite","@id":"https:\/\/cbdhorses.com\/#website","url":"https:\/\/cbdhorses.com\/","name":"CBD-Pferde","description":"","publisher":{"@id":"https:\/\/cbdhorses.com\/#organization"},"potentialAction":[{"@type":"SearchAction","target":{"@type":"EntryPoint","urlTemplate":"https:\/\/cbdhorses.com\/?s={search_term_string}"},"query-input":{"@type":"PropertyValueSpecification","valueRequired":true,"valueName":"search_term_string"}}],"inLanguage":"de"},{"@type":"Organization","@id":"https:\/\/cbdhorses.com\/#organization","name":"CBD-Pferde","url":"https:\/\/cbdhorses.com\/","logo":{"@type":"ImageObject","inLanguage":"de","@id":"https:\/\/cbdhorses.com\/#\/schema\/logo\/image\/","url":"https:\/\/cbdhorses.com\/wp-content\/uploads\/2021\/04\/logo2_impact.png","contentUrl":"https:\/\/cbdhorses.com\/wp-content\/uploads\/2021\/04\/logo2_impact.png","width":945,"height":358,"caption":"CBD Horses"},"image":{"@id":"https:\/\/cbdhorses.com\/#\/schema\/logo\/image\/"},"sameAs":["https:\/\/www.facebook.com\/ImPulsMethode","https:\/\/www.instagram.com\/impulsmethode\/","https:\/\/www.threads.net\/@impulsmethode","https:\/\/www.youtube.com\/@impulsmethode768"]}]}},"jetpack_sharing_enabled":true,"_links":{"self":[{"href":"https:\/\/cbdhorses.com\/de_de\/wp-json\/wp\/v2\/product\/1511","targetHints":{"allow":["GET"]}}],"collection":[{"href":"https:\/\/cbdhorses.com\/de_de\/wp-json\/wp\/v2\/product"}],"about":[{"href":"https:\/\/cbdhorses.com\/de_de\/wp-json\/wp\/v2\/types\/product"}],"replies":[{"embeddable":true,"href":"https:\/\/cbdhorses.com\/de_de\/wp-json\/wp\/v2\/comments?post=1511"}],"version-history":[{"count":1,"href":"https:\/\/cbdhorses.com\/de_de\/wp-json\/wp\/v2\/product\/1511\/revisions"}],"predecessor-version":[{"id":1543,"href":"https:\/\/cbdhorses.com\/de_de\/wp-json\/wp\/v2\/product\/1511\/revisions\/1543"}],"wp:featuredmedia":[{"embeddable":true,"href":"https:\/\/cbdhorses.com\/de_de\/wp-json\/wp\/v2\/media\/1514"}],"wp:attachment":[{"href":"https:\/\/cbdhorses.com\/de_de\/wp-json\/wp\/v2\/media?parent=1511"}],"wp:term":[{"taxonomy":"product_brand","embeddable":true,"href":"https:\/\/cbdhorses.com\/de_de\/wp-json\/wp\/v2\/product_brand?post=1511"},{"taxonomy":"product_cat","embeddable":true,"href":"https:\/\/cbdhorses.com\/de_de\/wp-json\/wp\/v2\/product_cat?post=1511"},{"taxonomy":"product_tag","embeddable":true,"href":"https:\/\/cbdhorses.com\/de_de\/wp-json\/wp\/v2\/product_tag?post=1511"}],"curies":[{"name":"wp","href":"https:\/\/api.w.org\/{rel}","templated":true}]}}