{"id":75,"date":"2024-01-17T18:40:58","date_gmt":"2024-01-17T17:40:58","guid":{"rendered":"https:\/\/cbdhorses.com\/?post_type=product&#038;p=75"},"modified":"2024-11-06T18:59:41","modified_gmt":"2024-11-06T17:59:41","slug":"balance-plus-cbd-gel-extra-strength","status":"publish","type":"product","link":"https:\/\/cbdhorses.com\/de_de\/produkt\/balance-plus-cbd-gel-extra-strength\/","title":{"rendered":"** BIG SALE ** Balance Plus CBD Gel &#8211; Extra Strength"},"content":{"rendered":"<p>** BIG SALE **<\/p>\n<h3>Maximale CBD Wirkung<\/h3>\n<p>Balance Plus kann direkt auf Gelenke, Muskeln und Sehnen aufgetragen werden.Es wirkt nachhaltiger an den betroffenen Stellen<\/p>\n<h3>Nat\u00fcrliche Inhaltstoffe<\/h3>\n<p>Hochwertige \u00e4therischen \u00d6le und Magnesiumsalze gel\u00f6st in reinem Quellwasser f\u00f6rdern die Durchblutung und haben einen k\u00fchlenden Effekt.<\/p>\n<h3>R\u00fcckstandsfrei und hautvertr\u00e4glich<\/h3>\n<p>Das wohlriechende Gel verrinnt nicht, muss nicht abgewaschen werden und ist 100% hautvertr\u00e4glich<\/p>\n<h3>Einfache und schnelle Anwendung<\/h3>\n<p>Ein Pumper f\u00fcr einen Handtellergro\u00dfen Problembereich, 1-2 Minuten lang einmassieren \u2013 fertig!<\/p>\n<h2>Balance Plus CBD Gel<br \/>\nWeil du dein Pferd liebst.<\/h2>\n<p>&nbsp;<\/p>\n<h5><em>Maximale CBD Wirkung<\/em><\/h5>\n<p>[\/nectar_highlighted_text][vc_column_text css_animation=&#8221;none&#8221; css=&#8221;.vc_custom_1651415045657{margin-bottom: 20px !important;}&#8221;]<\/p>\n<h3>F\u00fcr den Bewegungsapparat von Sportpferden<\/h3>\n<p>Der Bewegungsapparat von Sportpferden wird von Beginn an im Training und im Wettkampf stark beansprucht. Verschiedenste \u00dcbungen und manuelle Therapien helfen Schmerzen zu lindern, Verspannungen und Blockaden zu l\u00f6sen und Entz\u00fcndungen bzw. Arthrose vorzubeugen.<\/p>\n<p>Speziell f\u00fcr den Bewegungsapparat von Pferden als Massage-Gel mit CBD in kristalliner Form entwickelt, kann es im Gegensatz zu CBD \u00d6len oder anderen Nahrungserg\u00e4nzungsmittel konzentriert direkt an den betroffenen Stellen aufgetragen werden.<\/p>\n<p>Es ist effizienter und vielseitiger als andere Cremen, Salben oder Wickel f\u00fcr diesen Einsatzbereich und zugleich einfach in der Anwendung.<\/p>\n<p>Neben einem Breitspektrum-Cannabidiol enth\u00e4lt das Naturprodukt \u00e4therische \u00d6le und Magnesiumsalze, ist hautvertr\u00e4glich und entspricht mit einer THC Konzentration von &lt;0,1% den entsprechenden Vorschriften.<\/p>\n<h2>Maximale CBD Wirkung!<\/h2>\n<p>Unser Extra Strength hat die doppelte Menge CBD in jeder Flasche im Vergleich zu unserem Standard, also 12 mg pro Pumpe.<\/p>\n","protected":false},"excerpt":{"rendered":"<p>ZUR \u00c4USSERLICHEN ANWENDUNG<br \/>\nF\u00dcR GELENKE, SEHNEN UND MUSKELN VON SPORTPFERDEN.<\/p>\n<p><span style=\"color: #424242\">\u2714\ufe0e Maximale CBD Wirkung &#8211; Extra Strenth<\/span><\/p>\n<p><span style=\"color: #424242\">\u2714\ufe0e Vielseitige nat\u00fcrliche Inhaltstoffe<\/span><\/p>\n<p><span style=\"color: #424242\">\u2714\ufe0e R\u00fcckstandsfrei und hautvertr\u00e4glich<\/span><\/p>\n<p><span style=\"color: #424242\">\u2714\ufe0e Einfache und schnelle Anwendung<\/span><\/p>\n<p><span style=\"color: #424242\">\u2714\ufe0e 12 mg CBD pro Pumpsto\u00dfe f\u00fcr richtige Dosieren\u00a0<\/span><\/p>\n<p><strong><span style=\"color: #424242\">enth\u00e4lt 600 mg Broad Spectrum Cannabidiol (&lt;0,1% THC)<\/span><\/strong><\/p>","protected":false},"featured_media":79,"comment_status":"closed","ping_status":"closed","template":"","meta":{"site-sidebar-layout":"default","site-content-layout":"","ast-site-content-layout":"default","site-content-style":"default","site-sidebar-style":"default","ast-global-header-display":"","ast-banner-title-visibility":"","ast-main-header-display":"","ast-hfb-above-header-display":"","ast-hfb-below-header-display":"","ast-hfb-mobile-header-display":"","site-post-title":"","ast-breadcrumbs-content":"","ast-featured-img":"","footer-sml-layout":"","theme-transparent-header-meta":"default","adv-header-id-meta":"","stick-header-meta":"","header-above-stick-meta":"","header-main-stick-meta":"","header-below-stick-meta":"","astra-migrate-meta-layouts":"set","ast-page-background-enabled":"default","ast-page-background-meta":{"desktop":{"background-color":"","background-image":"","background-repeat":"repeat","background-position":"center center","background-size":"auto","background-attachment":"scroll","background-type":"","background-media":"","overlay-type":"","overlay-color":"","overlay-opacity":"","overlay-gradient":""},"tablet":{"background-color":"","background-image":"","background-repeat":"repeat","background-position":"center center","background-size":"auto","background-attachment":"scroll","background-type":"","background-media":"","overlay-type":"","overlay-color":"","overlay-opacity":"","overlay-gradient":""},"mobile":{"background-color":"","background-image":"","background-repeat":"repeat","background-position":"center center","background-size":"auto","background-attachment":"scroll","background-type":"","background-media":"","overlay-type":"","overlay-color":"","overlay-opacity":"","overlay-gradient":""}},"ast-content-background-meta":{"desktop":{"background-color":"var(--ast-global-color-5)","background-image":"","background-repeat":"repeat","background-position":"center center","background-size":"auto","background-attachment":"scroll","background-type":"","background-media":"","overlay-type":"","overlay-color":"","overlay-opacity":"","overlay-gradient":""},"tablet":{"background-color":"var(--ast-global-color-5)","background-image":"","background-repeat":"repeat","background-position":"center center","background-size":"auto","background-attachment":"scroll","background-type":"","background-media":"","overlay-type":"","overlay-color":"","overlay-opacity":"","overlay-gradient":""},"mobile":{"background-color":"var(--ast-global-color-5)","background-image":"","background-repeat":"repeat","background-position":"center center","background-size":"auto","background-attachment":"scroll","background-type":"","background-media":"","overlay-type":"","overlay-color":"","overlay-opacity":"","overlay-gradient":""}}},"product_brand":[],"product_cat":[18],"product_tag":[],"class_list":{"0":"post-75","1":"product","2":"type-product","3":"status-publish","4":"has-post-thumbnail","6":"product_cat-cbd","7":"desktop-align-left","8":"tablet-align-left","9":"mobile-align-left","11":"first","12":"onbackorder","13":"sale","14":"featured","15":"taxable","16":"shipping-taxable","17":"purchasable","18":"product-type-simple"},"yoast_head":"<!-- This site is optimized with the Yoast SEO plugin v27.4 - https:\/\/yoast.com\/product\/yoast-seo-wordpress\/ -->\n<title>** BIG SALE ** Balance Plus CBD Gel - Extra Strength -<\/title>\n<meta name=\"description\" content=\"** BIG SALE ** Balance Plus CBD Gel - Extra Strength. FOR EXTERNAL USE FOR JOINTS, TENDONS AND MUSCLES OF HORSES. Because you love your Horse.\" \/>\n<meta name=\"robots\" content=\"index, follow, max-snippet:-1, max-image-preview:large, max-video-preview:-1\" \/>\n<link rel=\"canonical\" href=\"https:\/\/cbdhorses.com\/de_de\/produkt\/balance-plus-cbd-gel-extra-strength\/\" \/>\n<meta property=\"og:locale\" content=\"de_DE\" \/>\n<meta property=\"og:type\" content=\"article\" \/>\n<meta property=\"og:title\" content=\"** BIG SALE ** Balance Plus CBD Gel - Extra Strength -\" \/>\n<meta property=\"og:description\" content=\"** BIG SALE ** Balance Plus CBD Gel - Extra Strength. FOR EXTERNAL USE FOR JOINTS, TENDONS AND MUSCLES OF HORSES. Because you love your Horse.\" \/>\n<meta property=\"og:url\" content=\"https:\/\/cbdhorses.com\/de_de\/produkt\/balance-plus-cbd-gel-extra-strength\/\" \/>\n<meta property=\"article:publisher\" content=\"https:\/\/www.facebook.com\/ImPulsMethode\" \/>\n<meta property=\"article:modified_time\" content=\"2024-11-06T17:59:41+00:00\" \/>\n<meta property=\"og:image\" content=\"http:\/\/cbdhorses.com\/wp-content\/uploads\/2024\/01\/horsecontrast_noMG-1.png\" \/>\n\t<meta property=\"og:image:width\" content=\"720\" \/>\n\t<meta property=\"og:image:height\" content=\"1080\" \/>\n\t<meta property=\"og:image:type\" content=\"image\/png\" \/>\n<meta name=\"twitter:card\" content=\"summary_large_image\" \/>\n<meta name=\"twitter:label1\" content=\"Gesch\u00e4tzte Lesezeit\" \/>\n\t<meta name=\"twitter:data1\" content=\"2\u00a0Minuten\" \/>\n<script type=\"application\/ld+json\" class=\"yoast-schema-graph\">{\"@context\":\"https:\\\/\\\/schema.org\",\"@graph\":[{\"@type\":\"WebPage\",\"@id\":\"https:\\\/\\\/cbdhorses.com\\\/product\\\/balance-plus-cbd-gel-extra-strength\\\/\",\"url\":\"https:\\\/\\\/cbdhorses.com\\\/product\\\/balance-plus-cbd-gel-extra-strength\\\/\",\"name\":\"** BIG SALE ** Balance Plus CBD Gel - Extra Strength -\",\"isPartOf\":{\"@id\":\"https:\\\/\\\/cbdhorses.com\\\/#website\"},\"primaryImageOfPage\":{\"@id\":\"https:\\\/\\\/cbdhorses.com\\\/product\\\/balance-plus-cbd-gel-extra-strength\\\/#primaryimage\"},\"image\":{\"@id\":\"https:\\\/\\\/cbdhorses.com\\\/product\\\/balance-plus-cbd-gel-extra-strength\\\/#primaryimage\"},\"thumbnailUrl\":\"https:\\\/\\\/cbdhorses.com\\\/wp-content\\\/uploads\\\/2024\\\/01\\\/horsecontrast_noMG-1.png\",\"datePublished\":\"2024-01-17T17:40:58+00:00\",\"dateModified\":\"2024-11-06T17:59:41+00:00\",\"description\":\"** BIG SALE ** Balance Plus CBD Gel - Extra Strength. FOR EXTERNAL USE FOR JOINTS, TENDONS AND MUSCLES OF HORSES. Because you love your Horse.\",\"breadcrumb\":{\"@id\":\"https:\\\/\\\/cbdhorses.com\\\/product\\\/balance-plus-cbd-gel-extra-strength\\\/#breadcrumb\"},\"inLanguage\":\"de\",\"potentialAction\":[{\"@type\":\"ReadAction\",\"target\":[\"https:\\\/\\\/cbdhorses.com\\\/product\\\/balance-plus-cbd-gel-extra-strength\\\/\"]}]},{\"@type\":\"ImageObject\",\"inLanguage\":\"de\",\"@id\":\"https:\\\/\\\/cbdhorses.com\\\/product\\\/balance-plus-cbd-gel-extra-strength\\\/#primaryimage\",\"url\":\"https:\\\/\\\/cbdhorses.com\\\/wp-content\\\/uploads\\\/2024\\\/01\\\/horsecontrast_noMG-1.png\",\"contentUrl\":\"https:\\\/\\\/cbdhorses.com\\\/wp-content\\\/uploads\\\/2024\\\/01\\\/horsecontrast_noMG-1.png\",\"width\":720,\"height\":1080,\"caption\":\"Our specially developed CBD gel for the musculoskeletal systems.\"},{\"@type\":\"BreadcrumbList\",\"@id\":\"https:\\\/\\\/cbdhorses.com\\\/product\\\/balance-plus-cbd-gel-extra-strength\\\/#breadcrumb\",\"itemListElement\":[{\"@type\":\"ListItem\",\"position\":1,\"name\":\"Home\",\"item\":\"https:\\\/\\\/cbdhorses.com\\\/\"},{\"@type\":\"ListItem\",\"position\":2,\"name\":\"Shop\",\"item\":\"https:\\\/\\\/cbdhorses.com\\\/shop\\\/\"},{\"@type\":\"ListItem\",\"position\":3,\"name\":\"** BIG SALE ** Balance Plus CBD Gel &#8211; Extra Strength\"}]},{\"@type\":\"WebSite\",\"@id\":\"https:\\\/\\\/cbdhorses.com\\\/#website\",\"url\":\"https:\\\/\\\/cbdhorses.com\\\/\",\"name\":\"CBD Horses\",\"description\":\"\",\"publisher\":{\"@id\":\"https:\\\/\\\/cbdhorses.com\\\/#organization\"},\"potentialAction\":[{\"@type\":\"SearchAction\",\"target\":{\"@type\":\"EntryPoint\",\"urlTemplate\":\"https:\\\/\\\/cbdhorses.com\\\/?s={search_term_string}\"},\"query-input\":{\"@type\":\"PropertyValueSpecification\",\"valueRequired\":true,\"valueName\":\"search_term_string\"}}],\"inLanguage\":\"de\"},{\"@type\":\"Organization\",\"@id\":\"https:\\\/\\\/cbdhorses.com\\\/#organization\",\"name\":\"CBD Horses\",\"url\":\"https:\\\/\\\/cbdhorses.com\\\/\",\"logo\":{\"@type\":\"ImageObject\",\"inLanguage\":\"de\",\"@id\":\"https:\\\/\\\/cbdhorses.com\\\/#\\\/schema\\\/logo\\\/image\\\/\",\"url\":\"https:\\\/\\\/cbdhorses.com\\\/wp-content\\\/uploads\\\/2021\\\/04\\\/logo2_impact.png\",\"contentUrl\":\"https:\\\/\\\/cbdhorses.com\\\/wp-content\\\/uploads\\\/2021\\\/04\\\/logo2_impact.png\",\"width\":945,\"height\":358,\"caption\":\"CBD Horses\"},\"image\":{\"@id\":\"https:\\\/\\\/cbdhorses.com\\\/#\\\/schema\\\/logo\\\/image\\\/\"},\"sameAs\":[\"https:\\\/\\\/www.facebook.com\\\/ImPulsMethode\",\"https:\\\/\\\/www.instagram.com\\\/impulsmethode\\\/\",\"https:\\\/\\\/www.threads.net\\\/@impulsmethode\",\"https:\\\/\\\/www.youtube.com\\\/@impulsmethode768\"]}]}<\/script>\n<!-- \/ Yoast SEO plugin. -->","yoast_head_json":{"title":"** BIG SALE ** Balance Plus CBD Gel - Extra Strength -","description":"** BIG SALE ** Balance Plus CBD Gel - Extra Strength. FOR EXTERNAL USE FOR JOINTS, TENDONS AND MUSCLES OF HORSES. Because you love your Horse.","robots":{"index":"index","follow":"follow","max-snippet":"max-snippet:-1","max-image-preview":"max-image-preview:large","max-video-preview":"max-video-preview:-1"},"canonical":"https:\/\/cbdhorses.com\/de_de\/produkt\/balance-plus-cbd-gel-extra-strength\/","og_locale":"de_DE","og_type":"article","og_title":"** BIG SALE ** Balance Plus CBD Gel - Extra Strength -","og_description":"** BIG SALE ** Balance Plus CBD Gel - Extra Strength. FOR EXTERNAL USE FOR JOINTS, TENDONS AND MUSCLES OF HORSES. Because you love your Horse.","og_url":"https:\/\/cbdhorses.com\/de_de\/produkt\/balance-plus-cbd-gel-extra-strength\/","article_publisher":"https:\/\/www.facebook.com\/ImPulsMethode","article_modified_time":"2024-11-06T17:59:41+00:00","og_image":[{"width":720,"height":1080,"url":"http:\/\/cbdhorses.com\/wp-content\/uploads\/2024\/01\/horsecontrast_noMG-1.png","type":"image\/png"}],"twitter_card":"summary_large_image","twitter_misc":{"Gesch\u00e4tzte Lesezeit":"2\u00a0Minuten"},"schema":{"@context":"https:\/\/schema.org","@graph":[{"@type":"WebPage","@id":"https:\/\/cbdhorses.com\/product\/balance-plus-cbd-gel-extra-strength\/","url":"https:\/\/cbdhorses.com\/product\/balance-plus-cbd-gel-extra-strength\/","name":"** BIG SALE ** Balance Plus CBD Gel - Extra Strength -","isPartOf":{"@id":"https:\/\/cbdhorses.com\/#website"},"primaryImageOfPage":{"@id":"https:\/\/cbdhorses.com\/product\/balance-plus-cbd-gel-extra-strength\/#primaryimage"},"image":{"@id":"https:\/\/cbdhorses.com\/product\/balance-plus-cbd-gel-extra-strength\/#primaryimage"},"thumbnailUrl":"https:\/\/cbdhorses.com\/wp-content\/uploads\/2024\/01\/horsecontrast_noMG-1.png","datePublished":"2024-01-17T17:40:58+00:00","dateModified":"2024-11-06T17:59:41+00:00","description":"** BIG SALE ** Balance Plus CBD Gel - Extra Strength. FOR EXTERNAL USE FOR JOINTS, TENDONS AND MUSCLES OF HORSES. Because you love your Horse.","breadcrumb":{"@id":"https:\/\/cbdhorses.com\/product\/balance-plus-cbd-gel-extra-strength\/#breadcrumb"},"inLanguage":"de","potentialAction":[{"@type":"ReadAction","target":["https:\/\/cbdhorses.com\/product\/balance-plus-cbd-gel-extra-strength\/"]}]},{"@type":"ImageObject","inLanguage":"de","@id":"https:\/\/cbdhorses.com\/product\/balance-plus-cbd-gel-extra-strength\/#primaryimage","url":"https:\/\/cbdhorses.com\/wp-content\/uploads\/2024\/01\/horsecontrast_noMG-1.png","contentUrl":"https:\/\/cbdhorses.com\/wp-content\/uploads\/2024\/01\/horsecontrast_noMG-1.png","width":720,"height":1080,"caption":"Our specially developed CBD gel for the musculoskeletal systems."},{"@type":"BreadcrumbList","@id":"https:\/\/cbdhorses.com\/product\/balance-plus-cbd-gel-extra-strength\/#breadcrumb","itemListElement":[{"@type":"ListItem","position":1,"name":"Home","item":"https:\/\/cbdhorses.com\/"},{"@type":"ListItem","position":2,"name":"Shop","item":"https:\/\/cbdhorses.com\/shop\/"},{"@type":"ListItem","position":3,"name":"** BIG SALE ** Balance Plus CBD Gel &#8211; Extra Strength"}]},{"@type":"WebSite","@id":"https:\/\/cbdhorses.com\/#website","url":"https:\/\/cbdhorses.com\/","name":"CBD-Pferde","description":"","publisher":{"@id":"https:\/\/cbdhorses.com\/#organization"},"potentialAction":[{"@type":"SearchAction","target":{"@type":"EntryPoint","urlTemplate":"https:\/\/cbdhorses.com\/?s={search_term_string}"},"query-input":{"@type":"PropertyValueSpecification","valueRequired":true,"valueName":"search_term_string"}}],"inLanguage":"de"},{"@type":"Organization","@id":"https:\/\/cbdhorses.com\/#organization","name":"CBD-Pferde","url":"https:\/\/cbdhorses.com\/","logo":{"@type":"ImageObject","inLanguage":"de","@id":"https:\/\/cbdhorses.com\/#\/schema\/logo\/image\/","url":"https:\/\/cbdhorses.com\/wp-content\/uploads\/2021\/04\/logo2_impact.png","contentUrl":"https:\/\/cbdhorses.com\/wp-content\/uploads\/2021\/04\/logo2_impact.png","width":945,"height":358,"caption":"CBD Horses"},"image":{"@id":"https:\/\/cbdhorses.com\/#\/schema\/logo\/image\/"},"sameAs":["https:\/\/www.facebook.com\/ImPulsMethode","https:\/\/www.instagram.com\/impulsmethode\/","https:\/\/www.threads.net\/@impulsmethode","https:\/\/www.youtube.com\/@impulsmethode768"]}]}},"jetpack_sharing_enabled":true,"_links":{"self":[{"href":"https:\/\/cbdhorses.com\/de_de\/wp-json\/wp\/v2\/product\/75","targetHints":{"allow":["GET"]}}],"collection":[{"href":"https:\/\/cbdhorses.com\/de_de\/wp-json\/wp\/v2\/product"}],"about":[{"href":"https:\/\/cbdhorses.com\/de_de\/wp-json\/wp\/v2\/types\/product"}],"replies":[{"embeddable":true,"href":"https:\/\/cbdhorses.com\/de_de\/wp-json\/wp\/v2\/comments?post=75"}],"version-history":[{"count":4,"href":"https:\/\/cbdhorses.com\/de_de\/wp-json\/wp\/v2\/product\/75\/revisions"}],"predecessor-version":[{"id":1451,"href":"https:\/\/cbdhorses.com\/de_de\/wp-json\/wp\/v2\/product\/75\/revisions\/1451"}],"wp:featuredmedia":[{"embeddable":true,"href":"https:\/\/cbdhorses.com\/de_de\/wp-json\/wp\/v2\/media\/79"}],"wp:attachment":[{"href":"https:\/\/cbdhorses.com\/de_de\/wp-json\/wp\/v2\/media?parent=75"}],"wp:term":[{"taxonomy":"product_brand","embeddable":true,"href":"https:\/\/cbdhorses.com\/de_de\/wp-json\/wp\/v2\/product_brand?post=75"},{"taxonomy":"product_cat","embeddable":true,"href":"https:\/\/cbdhorses.com\/de_de\/wp-json\/wp\/v2\/product_cat?post=75"},{"taxonomy":"product_tag","embeddable":true,"href":"https:\/\/cbdhorses.com\/de_de\/wp-json\/wp\/v2\/product_tag?post=75"}],"curies":[{"name":"wp","href":"https:\/\/api.w.org\/{rel}","templated":true}]}}