{"id":76,"date":"2024-01-17T18:40:58","date_gmt":"2024-01-17T17:40:58","guid":{"rendered":"https:\/\/cbdhorses.com\/?post_type=product&#038;p=76"},"modified":"2024-01-17T18:41:06","modified_gmt":"2024-01-17T17:41:06","slug":"tamacan-pet-cream-pflegecreme-fuer-tiere-mit-cbd-und-honig","status":"publish","type":"product","link":"https:\/\/cbdhorses.com\/de_de\/produkt\/tamacan-pet-cream-pflegecreme-fuer-tiere-mit-cbd-und-honig\/","title":{"rendered":"Tamacan Pet Cream Pflegecreme f\u00fcr Tiere mit CBD und Honig"},"content":{"rendered":"","protected":false},"excerpt":{"rendered":"<div class=\"elementor-column elementor-col-50 elementor-inner-column elementor-element elementor-element-45601c9f\" data-id=\"45601c9f\" data-element_type=\"column\">\n<div class=\"elementor-widget-wrap elementor-element-populated\">\n<div class=\"elementor-element elementor-element-ac01f6d elementor-widget elementor-widget-text-editor\" data-id=\"ac01f6d\" data-element_type=\"widget\" data-widget_type=\"text-editor.default\">\n<div class=\"elementor-widget-container\">\n<p>Die CBD Pflegecreme f\u00fcr Tiere bietet eine wahre Vielfalt an M\u00f6glichkeiten. <strong>TAMACAN Pet Cream<\/strong> unterst\u00fctzt beanspruchte Hautstellen mit der Kraft der Natur.<\/p>\n<p>Die pflegende TAMACAN Pet Cream eignet sich hervorragend zur t\u00e4glichen Anwendung. Sie wirkt feuchtigkeitsspendend und kann die Regeneration der Haut unterst\u00fctzen, bei Liegeschwielen, Hautreizungen oder zur Pfotenpflege.<\/p>\n<p><strong>Anwendung:<\/strong> Vor der Anwendung die betroffene Hautstelle s\u00e4ubern und im Bedarfsfall von st\u00f6rendem Fell befreien. TAMACAN Pet Cream kann mehrmals t\u00e4glich angewandt werden.<\/p>\n<ul>\n<li>Nach dem \u00d6ffnen 12 Monate haltbar<\/li>\n<li>Lagerhinweis: K\u00fchl und trocken lagern<\/li>\n<li>Wichtiger Hinweis: Von Kindern fernhalten<\/li>\n<\/ul>\n<p><em>Tierpflege<\/em><\/p>\n<\/div>\n<\/div>\n<\/div>\n<\/div>\n<div class=\"elementor-column elementor-col-50 elementor-inner-column elementor-element elementor-element-5e01a582\" data-id=\"5e01a582\" data-element_type=\"column\">\n<div class=\"elementor-widget-wrap elementor-element-populated\">\n<div class=\"elementor-element elementor-element-4a2b7d51 elementor-widget elementor-widget-image\" data-id=\"4a2b7d51\" data-element_type=\"widget\" data-widget_type=\"image.default\">\n<div class=\"elementor-widget-container\"><img fetchpriority=\"high\" decoding=\"async\" class=\"attachment-large size-large\" src=\"https:\/\/www.herosan.eu\/app\/uploads\/2022\/05\/beschreibung_hund_2-1024x788.jpg\" sizes=\"(max-width: 1024px) 100vw, 1024px\" srcset=\"https:\/\/www.herosan.eu\/app\/uploads\/2022\/05\/beschreibung_hund_2-1024x788.jpg 1024w, https:\/\/www.herosan.eu\/app\/uploads\/2022\/05\/beschreibung_hund_2-300x231.jpg 300w, https:\/\/www.herosan.eu\/app\/uploads\/2022\/05\/beschreibung_hund_2-768x591.jpg 768w, https:\/\/www.herosan.eu\/app\/uploads\/2022\/05\/beschreibung_hund_2.jpg 1300w\" alt=\"entoVITAL Hundefutter Hundenahrung hypoallergen insektenprotein futtermittelerg\u00e4nzung cover foto\" width=\"1024\" height=\"788\" \/><\/div>\n<\/div>\n<\/div>\n<\/div>","protected":false},"featured_media":87,"comment_status":"closed","ping_status":"closed","template":"","meta":{"site-sidebar-layout":"default","site-content-layout":"","ast-site-content-layout":"","site-content-style":"default","site-sidebar-style":"default","ast-global-header-display":"","ast-banner-title-visibility":"","ast-main-header-display":"","ast-hfb-above-header-display":"","ast-hfb-below-header-display":"","ast-hfb-mobile-header-display":"","site-post-title":"","ast-breadcrumbs-content":"","ast-featured-img":"","footer-sml-layout":"","theme-transparent-header-meta":"","adv-header-id-meta":"","stick-header-meta":"","header-above-stick-meta":"","header-main-stick-meta":"","header-below-stick-meta":"","astra-migrate-meta-layouts":"default","ast-page-background-enabled":"default","ast-page-background-meta":{"desktop":{"background-color":"","background-image":"","background-repeat":"repeat","background-position":"center center","background-size":"auto","background-attachment":"scroll","background-type":"","background-media":"","overlay-type":"","overlay-color":"","overlay-opacity":"","overlay-gradient":""},"tablet":{"background-color":"","background-image":"","background-repeat":"repeat","background-position":"center center","background-size":"auto","background-attachment":"scroll","background-type":"","background-media":"","overlay-type":"","overlay-color":"","overlay-opacity":"","overlay-gradient":""},"mobile":{"background-color":"","background-image":"","background-repeat":"repeat","background-position":"center center","background-size":"auto","background-attachment":"scroll","background-type":"","background-media":"","overlay-type":"","overlay-color":"","overlay-opacity":"","overlay-gradient":""}},"ast-content-background-meta":{"desktop":{"background-color":"var(--ast-global-color-5)","background-image":"","background-repeat":"repeat","background-position":"center center","background-size":"auto","background-attachment":"scroll","background-type":"","background-media":"","overlay-type":"","overlay-color":"","overlay-opacity":"","overlay-gradient":""},"tablet":{"background-color":"var(--ast-global-color-5)","background-image":"","background-repeat":"repeat","background-position":"center center","background-size":"auto","background-attachment":"scroll","background-type":"","background-media":"","overlay-type":"","overlay-color":"","overlay-opacity":"","overlay-gradient":""},"mobile":{"background-color":"var(--ast-global-color-5)","background-image":"","background-repeat":"repeat","background-position":"center center","background-size":"auto","background-attachment":"scroll","background-type":"","background-media":"","overlay-type":"","overlay-color":"","overlay-opacity":"","overlay-gradient":""}}},"product_brand":[],"product_cat":[19],"product_tag":[],"class_list":{"0":"post-76","1":"product","2":"type-product","3":"status-publish","4":"has-post-thumbnail","6":"product_cat-unkategorisiert","7":"desktop-align-left","8":"tablet-align-left","9":"mobile-align-left","11":"first","12":"instock","13":"taxable","14":"shipping-taxable","15":"product-type-external"},"yoast_head":"<!-- This site is optimized with the Yoast SEO plugin v27.5 - https:\/\/yoast.com\/product\/yoast-seo-wordpress\/ -->\n<title>Tamacan Pet Cream Pflegecreme f\u00fcr Tiere mit CBD und Honig -<\/title>\n<meta name=\"robots\" content=\"index, follow, max-snippet:-1, max-image-preview:large, max-video-preview:-1\" \/>\n<link rel=\"canonical\" href=\"https:\/\/cbdhorses.com\/de_de\/produkt\/tamacan-pet-cream-pflegecreme-fuer-tiere-mit-cbd-und-honig\/\" \/>\n<meta property=\"og:locale\" content=\"de_DE\" \/>\n<meta property=\"og:type\" content=\"article\" \/>\n<meta property=\"og:title\" content=\"Tamacan Pet Cream Pflegecreme f\u00fcr Tiere mit CBD und Honig -\" \/>\n<meta property=\"og:description\" content=\"Die CBD Pflegecreme f\u00fcr Tiere bietet eine wahre Vielfalt an M\u00f6glichkeiten. TAMACAN Pet Cream unterst\u00fctzt beanspruchte Hautstellen mit der Kraft der Natur.  Die pflegende TAMACAN Pet Cream eignet sich hervorragend zur t\u00e4glichen Anwendung. Sie wirkt feuchtigkeitsspendend und kann die Regeneration der Haut unterst\u00fctzen, bei Liegeschwielen, Hautreizungen oder zur Pfotenpflege.  Anwendung: Vor der Anwendung die betroffene Hautstelle s\u00e4ubern und im Bedarfsfall von st\u00f6rendem Fell befreien. TAMACAN Pet Cream kann mehrmals t\u00e4glich angewandt werden.   Nach dem \u00d6ffnen 12 Monate haltbar  Lagerhinweis: K\u00fchl und trocken lagern  Wichtiger Hinweis: Von Kindern fernhalten  Tierpflege\" \/>\n<meta property=\"og:url\" content=\"https:\/\/cbdhorses.com\/de_de\/produkt\/tamacan-pet-cream-pflegecreme-fuer-tiere-mit-cbd-und-honig\/\" \/>\n<meta property=\"article:publisher\" content=\"https:\/\/www.facebook.com\/ImPulsMethode\" \/>\n<meta property=\"article:modified_time\" content=\"2024-01-17T17:41:06+00:00\" \/>\n<meta property=\"og:image\" content=\"https:\/\/cbdhorses.com\/wp-content\/uploads\/2024\/01\/TAMACAN_Pet_Cream.png\" \/>\n\t<meta property=\"og:image:width\" content=\"1000\" \/>\n\t<meta property=\"og:image:height\" content=\"1000\" \/>\n\t<meta property=\"og:image:type\" content=\"image\/png\" \/>\n<meta name=\"twitter:card\" content=\"summary_large_image\" \/>\n<script type=\"application\/ld+json\" class=\"yoast-schema-graph\">{\"@context\":\"https:\\\/\\\/schema.org\",\"@graph\":[{\"@type\":\"WebPage\",\"@id\":\"https:\\\/\\\/cbdhorses.com\\\/product\\\/tamacan-pet-cream-pflegecreme-fuer-tiere-mit-cbd-und-honig\\\/\",\"url\":\"https:\\\/\\\/cbdhorses.com\\\/product\\\/tamacan-pet-cream-pflegecreme-fuer-tiere-mit-cbd-und-honig\\\/\",\"name\":\"Tamacan Pet Cream Pflegecreme f\u00fcr Tiere mit CBD und Honig -\",\"isPartOf\":{\"@id\":\"https:\\\/\\\/cbdhorses.com\\\/#website\"},\"primaryImageOfPage\":{\"@id\":\"https:\\\/\\\/cbdhorses.com\\\/product\\\/tamacan-pet-cream-pflegecreme-fuer-tiere-mit-cbd-und-honig\\\/#primaryimage\"},\"image\":{\"@id\":\"https:\\\/\\\/cbdhorses.com\\\/product\\\/tamacan-pet-cream-pflegecreme-fuer-tiere-mit-cbd-und-honig\\\/#primaryimage\"},\"thumbnailUrl\":\"https:\\\/\\\/cbdhorses.com\\\/wp-content\\\/uploads\\\/2024\\\/01\\\/TAMACAN_Pet_Cream.png\",\"datePublished\":\"2024-01-17T17:40:58+00:00\",\"dateModified\":\"2024-01-17T17:41:06+00:00\",\"breadcrumb\":{\"@id\":\"https:\\\/\\\/cbdhorses.com\\\/product\\\/tamacan-pet-cream-pflegecreme-fuer-tiere-mit-cbd-und-honig\\\/#breadcrumb\"},\"inLanguage\":\"de\",\"potentialAction\":[{\"@type\":\"ReadAction\",\"target\":[\"https:\\\/\\\/cbdhorses.com\\\/product\\\/tamacan-pet-cream-pflegecreme-fuer-tiere-mit-cbd-und-honig\\\/\"]}]},{\"@type\":\"ImageObject\",\"inLanguage\":\"de\",\"@id\":\"https:\\\/\\\/cbdhorses.com\\\/product\\\/tamacan-pet-cream-pflegecreme-fuer-tiere-mit-cbd-und-honig\\\/#primaryimage\",\"url\":\"https:\\\/\\\/cbdhorses.com\\\/wp-content\\\/uploads\\\/2024\\\/01\\\/TAMACAN_Pet_Cream.png\",\"contentUrl\":\"https:\\\/\\\/cbdhorses.com\\\/wp-content\\\/uploads\\\/2024\\\/01\\\/TAMACAN_Pet_Cream.png\",\"width\":1000,\"height\":1000},{\"@type\":\"BreadcrumbList\",\"@id\":\"https:\\\/\\\/cbdhorses.com\\\/product\\\/tamacan-pet-cream-pflegecreme-fuer-tiere-mit-cbd-und-honig\\\/#breadcrumb\",\"itemListElement\":[{\"@type\":\"ListItem\",\"position\":1,\"name\":\"Home\",\"item\":\"https:\\\/\\\/cbdhorses.com\\\/\"},{\"@type\":\"ListItem\",\"position\":2,\"name\":\"Shop\",\"item\":\"https:\\\/\\\/cbdhorses.com\\\/shop\\\/\"},{\"@type\":\"ListItem\",\"position\":3,\"name\":\"Tamacan Pet Cream Pflegecreme f\u00fcr Tiere mit CBD und Honig\"}]},{\"@type\":\"WebSite\",\"@id\":\"https:\\\/\\\/cbdhorses.com\\\/#website\",\"url\":\"https:\\\/\\\/cbdhorses.com\\\/\",\"name\":\"CBD Horses\",\"description\":\"\",\"publisher\":{\"@id\":\"https:\\\/\\\/cbdhorses.com\\\/#organization\"},\"potentialAction\":[{\"@type\":\"SearchAction\",\"target\":{\"@type\":\"EntryPoint\",\"urlTemplate\":\"https:\\\/\\\/cbdhorses.com\\\/?s={search_term_string}\"},\"query-input\":{\"@type\":\"PropertyValueSpecification\",\"valueRequired\":true,\"valueName\":\"search_term_string\"}}],\"inLanguage\":\"de\"},{\"@type\":\"Organization\",\"@id\":\"https:\\\/\\\/cbdhorses.com\\\/#organization\",\"name\":\"CBD Horses\",\"url\":\"https:\\\/\\\/cbdhorses.com\\\/\",\"logo\":{\"@type\":\"ImageObject\",\"inLanguage\":\"de\",\"@id\":\"https:\\\/\\\/cbdhorses.com\\\/#\\\/schema\\\/logo\\\/image\\\/\",\"url\":\"https:\\\/\\\/cbdhorses.com\\\/wp-content\\\/uploads\\\/2021\\\/04\\\/logo2_impact.png\",\"contentUrl\":\"https:\\\/\\\/cbdhorses.com\\\/wp-content\\\/uploads\\\/2021\\\/04\\\/logo2_impact.png\",\"width\":945,\"height\":358,\"caption\":\"CBD Horses\"},\"image\":{\"@id\":\"https:\\\/\\\/cbdhorses.com\\\/#\\\/schema\\\/logo\\\/image\\\/\"},\"sameAs\":[\"https:\\\/\\\/www.facebook.com\\\/ImPulsMethode\",\"https:\\\/\\\/www.instagram.com\\\/impulsmethode\\\/\",\"https:\\\/\\\/www.threads.net\\\/@impulsmethode\",\"https:\\\/\\\/www.youtube.com\\\/@impulsmethode768\"]}]}<\/script>\n<!-- \/ Yoast SEO plugin. -->","yoast_head_json":{"title":"Tamacan Pet Cream Pflegecreme f\u00fcr Tiere mit CBD und Honig -","robots":{"index":"index","follow":"follow","max-snippet":"max-snippet:-1","max-image-preview":"max-image-preview:large","max-video-preview":"max-video-preview:-1"},"canonical":"https:\/\/cbdhorses.com\/de_de\/produkt\/tamacan-pet-cream-pflegecreme-fuer-tiere-mit-cbd-und-honig\/","og_locale":"de_DE","og_type":"article","og_title":"Tamacan Pet Cream Pflegecreme f\u00fcr Tiere mit CBD und Honig -","og_description":"Die CBD Pflegecreme f\u00fcr Tiere bietet eine wahre Vielfalt an M\u00f6glichkeiten. TAMACAN Pet Cream unterst\u00fctzt beanspruchte Hautstellen mit der Kraft der Natur.  Die pflegende TAMACAN Pet Cream eignet sich hervorragend zur t\u00e4glichen Anwendung. Sie wirkt feuchtigkeitsspendend und kann die Regeneration der Haut unterst\u00fctzen, bei Liegeschwielen, Hautreizungen oder zur Pfotenpflege.  Anwendung: Vor der Anwendung die betroffene Hautstelle s\u00e4ubern und im Bedarfsfall von st\u00f6rendem Fell befreien. TAMACAN Pet Cream kann mehrmals t\u00e4glich angewandt werden.   Nach dem \u00d6ffnen 12 Monate haltbar  Lagerhinweis: K\u00fchl und trocken lagern  Wichtiger Hinweis: Von Kindern fernhalten  Tierpflege","og_url":"https:\/\/cbdhorses.com\/de_de\/produkt\/tamacan-pet-cream-pflegecreme-fuer-tiere-mit-cbd-und-honig\/","article_publisher":"https:\/\/www.facebook.com\/ImPulsMethode","article_modified_time":"2024-01-17T17:41:06+00:00","og_image":[{"width":1000,"height":1000,"url":"https:\/\/cbdhorses.com\/wp-content\/uploads\/2024\/01\/TAMACAN_Pet_Cream.png","type":"image\/png"}],"twitter_card":"summary_large_image","schema":{"@context":"https:\/\/schema.org","@graph":[{"@type":"WebPage","@id":"https:\/\/cbdhorses.com\/product\/tamacan-pet-cream-pflegecreme-fuer-tiere-mit-cbd-und-honig\/","url":"https:\/\/cbdhorses.com\/product\/tamacan-pet-cream-pflegecreme-fuer-tiere-mit-cbd-und-honig\/","name":"Tamacan Pet Cream Pflegecreme f\u00fcr Tiere mit CBD und Honig -","isPartOf":{"@id":"https:\/\/cbdhorses.com\/#website"},"primaryImageOfPage":{"@id":"https:\/\/cbdhorses.com\/product\/tamacan-pet-cream-pflegecreme-fuer-tiere-mit-cbd-und-honig\/#primaryimage"},"image":{"@id":"https:\/\/cbdhorses.com\/product\/tamacan-pet-cream-pflegecreme-fuer-tiere-mit-cbd-und-honig\/#primaryimage"},"thumbnailUrl":"https:\/\/cbdhorses.com\/wp-content\/uploads\/2024\/01\/TAMACAN_Pet_Cream.png","datePublished":"2024-01-17T17:40:58+00:00","dateModified":"2024-01-17T17:41:06+00:00","breadcrumb":{"@id":"https:\/\/cbdhorses.com\/product\/tamacan-pet-cream-pflegecreme-fuer-tiere-mit-cbd-und-honig\/#breadcrumb"},"inLanguage":"de","potentialAction":[{"@type":"ReadAction","target":["https:\/\/cbdhorses.com\/product\/tamacan-pet-cream-pflegecreme-fuer-tiere-mit-cbd-und-honig\/"]}]},{"@type":"ImageObject","inLanguage":"de","@id":"https:\/\/cbdhorses.com\/product\/tamacan-pet-cream-pflegecreme-fuer-tiere-mit-cbd-und-honig\/#primaryimage","url":"https:\/\/cbdhorses.com\/wp-content\/uploads\/2024\/01\/TAMACAN_Pet_Cream.png","contentUrl":"https:\/\/cbdhorses.com\/wp-content\/uploads\/2024\/01\/TAMACAN_Pet_Cream.png","width":1000,"height":1000},{"@type":"BreadcrumbList","@id":"https:\/\/cbdhorses.com\/product\/tamacan-pet-cream-pflegecreme-fuer-tiere-mit-cbd-und-honig\/#breadcrumb","itemListElement":[{"@type":"ListItem","position":1,"name":"Home","item":"https:\/\/cbdhorses.com\/"},{"@type":"ListItem","position":2,"name":"Shop","item":"https:\/\/cbdhorses.com\/shop\/"},{"@type":"ListItem","position":3,"name":"Tamacan Pet Cream Pflegecreme f\u00fcr Tiere mit CBD und Honig"}]},{"@type":"WebSite","@id":"https:\/\/cbdhorses.com\/#website","url":"https:\/\/cbdhorses.com\/","name":"CBD-Pferde","description":"","publisher":{"@id":"https:\/\/cbdhorses.com\/#organization"},"potentialAction":[{"@type":"SearchAction","target":{"@type":"EntryPoint","urlTemplate":"https:\/\/cbdhorses.com\/?s={search_term_string}"},"query-input":{"@type":"PropertyValueSpecification","valueRequired":true,"valueName":"search_term_string"}}],"inLanguage":"de"},{"@type":"Organization","@id":"https:\/\/cbdhorses.com\/#organization","name":"CBD-Pferde","url":"https:\/\/cbdhorses.com\/","logo":{"@type":"ImageObject","inLanguage":"de","@id":"https:\/\/cbdhorses.com\/#\/schema\/logo\/image\/","url":"https:\/\/cbdhorses.com\/wp-content\/uploads\/2021\/04\/logo2_impact.png","contentUrl":"https:\/\/cbdhorses.com\/wp-content\/uploads\/2021\/04\/logo2_impact.png","width":945,"height":358,"caption":"CBD Horses"},"image":{"@id":"https:\/\/cbdhorses.com\/#\/schema\/logo\/image\/"},"sameAs":["https:\/\/www.facebook.com\/ImPulsMethode","https:\/\/www.instagram.com\/impulsmethode\/","https:\/\/www.threads.net\/@impulsmethode","https:\/\/www.youtube.com\/@impulsmethode768"]}]}},"jetpack_sharing_enabled":true,"_links":{"self":[{"href":"https:\/\/cbdhorses.com\/de_de\/wp-json\/wp\/v2\/product\/76","targetHints":{"allow":["GET"]}}],"collection":[{"href":"https:\/\/cbdhorses.com\/de_de\/wp-json\/wp\/v2\/product"}],"about":[{"href":"https:\/\/cbdhorses.com\/de_de\/wp-json\/wp\/v2\/types\/product"}],"replies":[{"embeddable":true,"href":"https:\/\/cbdhorses.com\/de_de\/wp-json\/wp\/v2\/comments?post=76"}],"version-history":[{"count":0,"href":"https:\/\/cbdhorses.com\/de_de\/wp-json\/wp\/v2\/product\/76\/revisions"}],"wp:featuredmedia":[{"embeddable":true,"href":"https:\/\/cbdhorses.com\/de_de\/wp-json\/wp\/v2\/media\/87"}],"wp:attachment":[{"href":"https:\/\/cbdhorses.com\/de_de\/wp-json\/wp\/v2\/media?parent=76"}],"wp:term":[{"taxonomy":"product_brand","embeddable":true,"href":"https:\/\/cbdhorses.com\/de_de\/wp-json\/wp\/v2\/product_brand?post=76"},{"taxonomy":"product_cat","embeddable":true,"href":"https:\/\/cbdhorses.com\/de_de\/wp-json\/wp\/v2\/product_cat?post=76"},{"taxonomy":"product_tag","embeddable":true,"href":"https:\/\/cbdhorses.com\/de_de\/wp-json\/wp\/v2\/product_tag?post=76"}],"curies":[{"name":"wp","href":"https:\/\/api.w.org\/{rel}","templated":true}]}}