{"id":77,"date":"2024-01-17T18:40:58","date_gmt":"2024-01-17T17:40:58","guid":{"rendered":"https:\/\/cbdhorses.com\/?post_type=product&#038;p=77"},"modified":"2024-01-17T18:41:05","modified_gmt":"2024-01-17T17:41:05","slug":"tamacan-xl-vollspektrum-gold-cannabisextrakt-cbd-55-fuer-hunde-grosstiere","status":"publish","type":"product","link":"https:\/\/cbdhorses.com\/de_de\/produkt\/tamacan-xl-vollspektrum-gold-cannabisextrakt-cbd-55-fuer-hunde-grosstiere\/","title":{"rendered":"Tamacan XL Vollspektrum Gold-Cannabisextrakt (CBD 55%) f\u00fcr Hunde &#038; Gro\u00dftiere*"},"content":{"rendered":"","protected":false},"excerpt":{"rendered":"<section class=\"elementor-section elementor-top-section elementor-element elementor-element-9a556df elementor-section-boxed elementor-section-height-default elementor-section-height-default\" data-id=\"9a556df\" data-element_type=\"section\">\n<div class=\"elementor-container elementor-column-gap-default\">\n<div class=\"elementor-column elementor-col-100 elementor-top-column elementor-element elementor-element-5324c9b\" data-id=\"5324c9b\" data-element_type=\"column\">\n<div class=\"elementor-widget-wrap elementor-element-populated\">\n<section class=\"elementor-section elementor-inner-section elementor-element elementor-element-68df654 elementor-section-boxed elementor-section-height-default elementor-section-height-default\" data-id=\"68df654\" data-element_type=\"section\">\n<div class=\"elementor-container elementor-column-gap-default\">\n<div class=\"elementor-column elementor-col-50 elementor-inner-column elementor-element elementor-element-b6edb11\" data-id=\"b6edb11\" data-element_type=\"column\">\n<div class=\"elementor-widget-wrap elementor-element-populated\">\n<div class=\"elementor-element elementor-element-1af1738 elementor-widget elementor-widget-text-editor\" data-id=\"1af1738\" data-element_type=\"widget\" data-widget_type=\"text-editor.default\">\n<div class=\"elementor-widget-container\">\n<p>Vollspektrum Gold-Cannabisextrakt Paste (CBD 55%) f\u00fcr Hunde &amp; Gro\u00dftiere*<\/p>\n<p>Manchmal ben\u00f6tigen wir h\u00f6here Konzentrationen, um unseren Lieblingen zu mehr Wohlbefinden und der R\u00fcckkehr zum nat\u00fcrlichen Gleichgewicht zu verhelfen. TAMACAN XL als CBD-Paste mit 55% CBD hat sich dank der sehr hohen Intensit\u00e4t dazu bestens bew\u00e4hrt.\u00a0Wenn Sie ihren Vierbeiner mit der wahren St\u00e4rke der Hanfpflanze unterst\u00fctzen wollen, ist TAMACAN XL ideal.<\/p>\n<p>Anwendung:<\/p>\n<ol>\n<li>Die Verschlusskappe gegen den Uhrzeigersinn abschrauben<\/li>\n<li>Spritze andr\u00fccken zum Herauspressen der Paste.<\/li>\n<li>Dosierung gem\u00e4\u00df der Empfehlung ihres HEROSAN Partners**<\/li>\n<li>Reinigen Sie nach dem Verwenden des Produktes das Gewinde und die Spritze mit einem sauberen und staubfreien Tuch<\/li>\n<li>Drehen Sie den Verschluss wieder im Uhrzeigersinn auf die Spritze<\/li>\n<\/ol>\n<p>*ausgenommen lebensmittelliefernde Tiere, Dopingrelevant!<br \/>\n**0,1ml entsprechen 50 mg CBD<\/p>\n<p><em>Tierpflegeprodukt<\/em><\/p>\n<\/div>\n<\/div>\n<div class=\"elementor-element elementor-element-372e4ad elementor-widget elementor-widget-spacer\" data-id=\"372e4ad\" data-element_type=\"widget\" data-widget_type=\"spacer.default\">\n<div class=\"elementor-widget-container\">\n<div class=\"elementor-spacer\">\n<div class=\"elementor-spacer-inner\"><\/div>\n<\/div>\n<\/div>\n<\/div>\n<\/div>\n<\/div>\n<div class=\"elementor-column elementor-col-50 elementor-inner-column elementor-element elementor-element-c54b94d\" data-id=\"c54b94d\" data-element_type=\"column\">\n<div class=\"elementor-widget-wrap elementor-element-populated\">\n<div class=\"elementor-element elementor-element-781bdf4 elementor-widget elementor-widget-image\" data-id=\"781bdf4\" data-element_type=\"widget\" data-widget_type=\"image.default\">\n<div class=\"elementor-widget-container\"><img fetchpriority=\"high\" decoding=\"async\" class=\"attachment-large size-large\" src=\"https:\/\/www.herosan.eu\/app\/uploads\/2022\/05\/horse_beschreibung-1024x788.jpg\" sizes=\"(max-width: 1024px) 100vw, 1024px\" srcset=\"https:\/\/www.herosan.eu\/app\/uploads\/2022\/05\/horse_beschreibung-1024x788.jpg 1024w, https:\/\/www.herosan.eu\/app\/uploads\/2022\/05\/horse_beschreibung-300x231.jpg 300w, https:\/\/www.herosan.eu\/app\/uploads\/2022\/05\/horse_beschreibung-768x591.jpg 768w, https:\/\/www.herosan.eu\/app\/uploads\/2022\/05\/horse_beschreibung.jpg 1300w\" alt=\"TAMACAN CBD-\u00d6l CBD-Paste CBD-Creme Cover Foto mit Pferd\" width=\"1024\" height=\"788\" \/><\/div>\n<\/div>\n<\/div>\n<\/div>\n<\/div>\n<\/section>\n<\/div>\n<\/div>\n<\/div>\n<\/section>\n<section class=\"elementor-section elementor-top-section elementor-element elementor-element-c468c7d elementor-reverse-mobile elementor-section-boxed elementor-section-height-default elementor-section-height-default\" data-id=\"c468c7d\" data-element_type=\"section\">\n<div class=\"elementor-container elementor-column-gap-default\">\n<div class=\"elementor-column elementor-col-100 elementor-top-column elementor-element elementor-element-4fa8dcd\" data-id=\"4fa8dcd\" data-element_type=\"column\">\n<div class=\"elementor-widget-wrap elementor-element-populated\">\n<section class=\"elementor-section elementor-inner-section elementor-element elementor-element-0f2681e elementor-section-boxed elementor-section-height-default elementor-section-height-default\" data-id=\"0f2681e\" data-element_type=\"section\">\n<div class=\"elementor-container elementor-column-gap-default\">\n<div class=\"elementor-column elementor-col-100 elementor-inner-column elementor-element elementor-element-ab353a0\" data-id=\"ab353a0\" data-element_type=\"column\">\n<div class=\"elementor-widget-wrap elementor-element-populated\">\n<div class=\"elementor-element elementor-element-cf7faad elementor-widget elementor-widget-text-editor\" data-id=\"cf7faad\" data-element_type=\"widget\" data-widget_type=\"text-editor.default\">\n<div class=\"elementor-widget-container\">\n<p>Durch unsere durchgef\u00fchrte Studie mit der Freien Universi\u00e4t Berlin an Pferden ergab sich folgendes Ergebnis bez\u00fcglich Dopingrelevanz. Dies betrifft die TAMACAN XL Paste und ist nicht auf andere Hersteller umzulegen. Dahingehend m\u00fcssten andere Hersteller ebenfalls eine derartige Studie durchf\u00fchren um die Dopingrelevanz ihrer Produkte eindeutig nachweisen zu k\u00f6nnen.<\/p>\n<p>Nach regelm\u00e4\u00dfiger Gabe von CBD-haltiger Paste (Dosis: 3 mg\/kg) zweimal t\u00e4glich \u00fcber zwei Wochen konnten 84 Stunden nach der letzten Pastengabe weiterhin CBD-R\u00fcckst\u00e4nde in Blut (1,9 (0,5) ng\/mL) und Urin (7,0 (6,4) ng\/mL) bei Pferden nachgewiesen werden.<\/p>\n<\/div>\n<\/div>\n<\/div>\n<\/div>\n<\/div>\n<\/section>\n<\/div>\n<\/div>\n<\/div>\n<\/section>","protected":false},"featured_media":86,"comment_status":"closed","ping_status":"closed","template":"","meta":{"site-sidebar-layout":"default","site-content-layout":"","ast-site-content-layout":"","site-content-style":"default","site-sidebar-style":"default","ast-global-header-display":"","ast-banner-title-visibility":"","ast-main-header-display":"","ast-hfb-above-header-display":"","ast-hfb-below-header-display":"","ast-hfb-mobile-header-display":"","site-post-title":"","ast-breadcrumbs-content":"","ast-featured-img":"","footer-sml-layout":"","theme-transparent-header-meta":"","adv-header-id-meta":"","stick-header-meta":"","header-above-stick-meta":"","header-main-stick-meta":"","header-below-stick-meta":"","astra-migrate-meta-layouts":"default","ast-page-background-enabled":"default","ast-page-background-meta":{"desktop":{"background-color":"","background-image":"","background-repeat":"repeat","background-position":"center center","background-size":"auto","background-attachment":"scroll","background-type":"","background-media":"","overlay-type":"","overlay-color":"","overlay-opacity":"","overlay-gradient":""},"tablet":{"background-color":"","background-image":"","background-repeat":"repeat","background-position":"center center","background-size":"auto","background-attachment":"scroll","background-type":"","background-media":"","overlay-type":"","overlay-color":"","overlay-opacity":"","overlay-gradient":""},"mobile":{"background-color":"","background-image":"","background-repeat":"repeat","background-position":"center center","background-size":"auto","background-attachment":"scroll","background-type":"","background-media":"","overlay-type":"","overlay-color":"","overlay-opacity":"","overlay-gradient":""}},"ast-content-background-meta":{"desktop":{"background-color":"var(--ast-global-color-5)","background-image":"","background-repeat":"repeat","background-position":"center center","background-size":"auto","background-attachment":"scroll","background-type":"","background-media":"","overlay-type":"","overlay-color":"","overlay-opacity":"","overlay-gradient":""},"tablet":{"background-color":"var(--ast-global-color-5)","background-image":"","background-repeat":"repeat","background-position":"center center","background-size":"auto","background-attachment":"scroll","background-type":"","background-media":"","overlay-type":"","overlay-color":"","overlay-opacity":"","overlay-gradient":""},"mobile":{"background-color":"var(--ast-global-color-5)","background-image":"","background-repeat":"repeat","background-position":"center center","background-size":"auto","background-attachment":"scroll","background-type":"","background-media":"","overlay-type":"","overlay-color":"","overlay-opacity":"","overlay-gradient":""}}},"product_brand":[],"product_cat":[18],"product_tag":[],"class_list":{"0":"post-77","1":"product","2":"type-product","3":"status-publish","4":"has-post-thumbnail","6":"product_cat-cbd","7":"desktop-align-left","8":"tablet-align-left","9":"mobile-align-left","11":"first","12":"instock","13":"taxable","14":"shipping-taxable","15":"product-type-external"},"yoast_head":"<!-- This site is optimized with the Yoast SEO plugin v27.3 - https:\/\/yoast.com\/product\/yoast-seo-wordpress\/ -->\n<title>Tamacan XL Vollspektrum Gold-Cannabisextrakt (CBD 55%) f\u00fcr Hunde &amp; Gro\u00dftiere* -<\/title>\n<meta name=\"robots\" content=\"index, follow, max-snippet:-1, max-image-preview:large, max-video-preview:-1\" \/>\n<link rel=\"canonical\" href=\"https:\/\/cbdhorses.com\/de_de\/produkt\/tamacan-xl-vollspektrum-gold-cannabisextrakt-cbd-55-fuer-hunde-grosstiere\/\" \/>\n<meta property=\"og:locale\" content=\"de_DE\" \/>\n<meta property=\"og:type\" content=\"article\" \/>\n<meta property=\"og:title\" content=\"Tamacan XL Vollspektrum Gold-Cannabisextrakt (CBD 55%) f\u00fcr Hunde &amp; Gro\u00dftiere* -\" \/>\n<meta property=\"og:description\" content=\"Vollspektrum Gold-Cannabisextrakt Paste (CBD 55%) f\u00fcr Hunde &amp; Gro\u00dftiere*  Manchmal ben\u00f6tigen wir h\u00f6here Konzentrationen, um unseren Lieblingen zu mehr Wohlbefinden und der R\u00fcckkehr zum nat\u00fcrlichen Gleichgewicht zu verhelfen. TAMACAN XL als CBD-Paste mit 55% CBD hat sich dank der sehr hohen Intensit\u00e4t dazu bestens bew\u00e4hrt.\u00a0Wenn Sie ihren Vierbeiner mit der wahren St\u00e4rke der Hanfpflanze unterst\u00fctzen wollen, ist TAMACAN XL ideal.  Anwendung:   Die Verschlusskappe gegen den Uhrzeigersinn abschrauben  Spritze andr\u00fccken zum Herauspressen der Paste.  Dosierung gem\u00e4\u00df der Empfehlung ihres HEROSAN Partners**  Reinigen Sie nach dem Verwenden des Produktes das Gewinde und die Spritze mit einem sauberen und staubfreien Tuch  Drehen Sie den Verschluss wieder im Uhrzeigersinn auf die Spritze  *ausgenommen lebensmittelliefernde Tiere, Dopingrelevant! **0,1ml entsprechen 50 mg CBD  Tierpflegeprodukt                                  Durch unsere durchgef\u00fchrte Studie mit der Freien Universi\u00e4t Berlin an Pferden ergab sich folgendes Ergebnis bez\u00fcglich Dopingrelevanz. Dies betrifft die TAMACAN XL Paste und ist nicht auf andere Hersteller umzulegen. Dahingehend m\u00fcssten andere Hersteller ebenfalls eine derartige Studie durchf\u00fchren um die Dopingrelevanz ihrer Produkte eindeutig nachweisen zu k\u00f6nnen.  Nach regelm\u00e4\u00dfiger Gabe von CBD-haltiger Paste (Dosis: 3 mg\/kg) zweimal t\u00e4glich \u00fcber zwei Wochen konnten 84 Stunden nach der letzten Pastengabe weiterhin CBD-R\u00fcckst\u00e4nde in Blut (1,9 (0,5) ng\/mL) und Urin (7,0 (6,4) ng\/mL) bei Pferden nachgewiesen werden.\" \/>\n<meta property=\"og:url\" content=\"https:\/\/cbdhorses.com\/de_de\/produkt\/tamacan-xl-vollspektrum-gold-cannabisextrakt-cbd-55-fuer-hunde-grosstiere\/\" \/>\n<meta property=\"article:publisher\" content=\"https:\/\/www.facebook.com\/ImPulsMethode\" \/>\n<meta property=\"article:modified_time\" content=\"2024-01-17T17:41:05+00:00\" \/>\n<meta property=\"og:image\" content=\"https:\/\/cbdhorses.com\/wp-content\/uploads\/2024\/01\/TAMACAN_XL.png\" \/>\n\t<meta property=\"og:image:width\" content=\"1000\" \/>\n\t<meta property=\"og:image:height\" content=\"1000\" \/>\n\t<meta property=\"og:image:type\" content=\"image\/png\" \/>\n<meta name=\"twitter:card\" content=\"summary_large_image\" \/>\n<script type=\"application\/ld+json\" class=\"yoast-schema-graph\">{\"@context\":\"https:\\\/\\\/schema.org\",\"@graph\":[{\"@type\":\"WebPage\",\"@id\":\"https:\\\/\\\/cbdhorses.com\\\/product\\\/tamacan-xl-vollspektrum-gold-cannabisextrakt-cbd-55-fuer-hunde-grosstiere\\\/\",\"url\":\"https:\\\/\\\/cbdhorses.com\\\/product\\\/tamacan-xl-vollspektrum-gold-cannabisextrakt-cbd-55-fuer-hunde-grosstiere\\\/\",\"name\":\"Tamacan XL Vollspektrum Gold-Cannabisextrakt (CBD 55%) f\u00fcr Hunde & Gro\u00dftiere* -\",\"isPartOf\":{\"@id\":\"https:\\\/\\\/cbdhorses.com\\\/#website\"},\"primaryImageOfPage\":{\"@id\":\"https:\\\/\\\/cbdhorses.com\\\/product\\\/tamacan-xl-vollspektrum-gold-cannabisextrakt-cbd-55-fuer-hunde-grosstiere\\\/#primaryimage\"},\"image\":{\"@id\":\"https:\\\/\\\/cbdhorses.com\\\/product\\\/tamacan-xl-vollspektrum-gold-cannabisextrakt-cbd-55-fuer-hunde-grosstiere\\\/#primaryimage\"},\"thumbnailUrl\":\"https:\\\/\\\/cbdhorses.com\\\/wp-content\\\/uploads\\\/2024\\\/01\\\/TAMACAN_XL.png\",\"datePublished\":\"2024-01-17T17:40:58+00:00\",\"dateModified\":\"2024-01-17T17:41:05+00:00\",\"breadcrumb\":{\"@id\":\"https:\\\/\\\/cbdhorses.com\\\/product\\\/tamacan-xl-vollspektrum-gold-cannabisextrakt-cbd-55-fuer-hunde-grosstiere\\\/#breadcrumb\"},\"inLanguage\":\"de\",\"potentialAction\":[{\"@type\":\"ReadAction\",\"target\":[\"https:\\\/\\\/cbdhorses.com\\\/product\\\/tamacan-xl-vollspektrum-gold-cannabisextrakt-cbd-55-fuer-hunde-grosstiere\\\/\"]}]},{\"@type\":\"ImageObject\",\"inLanguage\":\"de\",\"@id\":\"https:\\\/\\\/cbdhorses.com\\\/product\\\/tamacan-xl-vollspektrum-gold-cannabisextrakt-cbd-55-fuer-hunde-grosstiere\\\/#primaryimage\",\"url\":\"https:\\\/\\\/cbdhorses.com\\\/wp-content\\\/uploads\\\/2024\\\/01\\\/TAMACAN_XL.png\",\"contentUrl\":\"https:\\\/\\\/cbdhorses.com\\\/wp-content\\\/uploads\\\/2024\\\/01\\\/TAMACAN_XL.png\",\"width\":1000,\"height\":1000},{\"@type\":\"BreadcrumbList\",\"@id\":\"https:\\\/\\\/cbdhorses.com\\\/product\\\/tamacan-xl-vollspektrum-gold-cannabisextrakt-cbd-55-fuer-hunde-grosstiere\\\/#breadcrumb\",\"itemListElement\":[{\"@type\":\"ListItem\",\"position\":1,\"name\":\"Home\",\"item\":\"https:\\\/\\\/cbdhorses.com\\\/\"},{\"@type\":\"ListItem\",\"position\":2,\"name\":\"Shop\",\"item\":\"https:\\\/\\\/cbdhorses.com\\\/shop\\\/\"},{\"@type\":\"ListItem\",\"position\":3,\"name\":\"Tamacan XL Vollspektrum Gold-Cannabisextrakt (CBD 55%) f\u00fcr Hunde &#038; Gro\u00dftiere*\"}]},{\"@type\":\"WebSite\",\"@id\":\"https:\\\/\\\/cbdhorses.com\\\/#website\",\"url\":\"https:\\\/\\\/cbdhorses.com\\\/\",\"name\":\"CBD Horses\",\"description\":\"\",\"publisher\":{\"@id\":\"https:\\\/\\\/cbdhorses.com\\\/#organization\"},\"potentialAction\":[{\"@type\":\"SearchAction\",\"target\":{\"@type\":\"EntryPoint\",\"urlTemplate\":\"https:\\\/\\\/cbdhorses.com\\\/?s={search_term_string}\"},\"query-input\":{\"@type\":\"PropertyValueSpecification\",\"valueRequired\":true,\"valueName\":\"search_term_string\"}}],\"inLanguage\":\"de\"},{\"@type\":\"Organization\",\"@id\":\"https:\\\/\\\/cbdhorses.com\\\/#organization\",\"name\":\"CBD Horses\",\"url\":\"https:\\\/\\\/cbdhorses.com\\\/\",\"logo\":{\"@type\":\"ImageObject\",\"inLanguage\":\"de\",\"@id\":\"https:\\\/\\\/cbdhorses.com\\\/#\\\/schema\\\/logo\\\/image\\\/\",\"url\":\"https:\\\/\\\/cbdhorses.com\\\/wp-content\\\/uploads\\\/2021\\\/04\\\/logo2_impact.png\",\"contentUrl\":\"https:\\\/\\\/cbdhorses.com\\\/wp-content\\\/uploads\\\/2021\\\/04\\\/logo2_impact.png\",\"width\":945,\"height\":358,\"caption\":\"CBD Horses\"},\"image\":{\"@id\":\"https:\\\/\\\/cbdhorses.com\\\/#\\\/schema\\\/logo\\\/image\\\/\"},\"sameAs\":[\"https:\\\/\\\/www.facebook.com\\\/ImPulsMethode\",\"https:\\\/\\\/www.instagram.com\\\/impulsmethode\\\/\",\"https:\\\/\\\/www.threads.net\\\/@impulsmethode\",\"https:\\\/\\\/www.youtube.com\\\/@impulsmethode768\"]}]}<\/script>\n<!-- \/ Yoast SEO plugin. -->","yoast_head_json":{"title":"Tamacan XL Vollspektrum Gold-Cannabisextrakt (CBD 55%) f\u00fcr Hunde & Gro\u00dftiere* -","robots":{"index":"index","follow":"follow","max-snippet":"max-snippet:-1","max-image-preview":"max-image-preview:large","max-video-preview":"max-video-preview:-1"},"canonical":"https:\/\/cbdhorses.com\/de_de\/produkt\/tamacan-xl-vollspektrum-gold-cannabisextrakt-cbd-55-fuer-hunde-grosstiere\/","og_locale":"de_DE","og_type":"article","og_title":"Tamacan XL Vollspektrum Gold-Cannabisextrakt (CBD 55%) f\u00fcr Hunde & Gro\u00dftiere* -","og_description":"Vollspektrum Gold-Cannabisextrakt Paste (CBD 55%) f\u00fcr Hunde &amp; Gro\u00dftiere*  Manchmal ben\u00f6tigen wir h\u00f6here Konzentrationen, um unseren Lieblingen zu mehr Wohlbefinden und der R\u00fcckkehr zum nat\u00fcrlichen Gleichgewicht zu verhelfen. TAMACAN XL als CBD-Paste mit 55% CBD hat sich dank der sehr hohen Intensit\u00e4t dazu bestens bew\u00e4hrt.\u00a0Wenn Sie ihren Vierbeiner mit der wahren St\u00e4rke der Hanfpflanze unterst\u00fctzen wollen, ist TAMACAN XL ideal.  Anwendung:   Die Verschlusskappe gegen den Uhrzeigersinn abschrauben  Spritze andr\u00fccken zum Herauspressen der Paste.  Dosierung gem\u00e4\u00df der Empfehlung ihres HEROSAN Partners**  Reinigen Sie nach dem Verwenden des Produktes das Gewinde und die Spritze mit einem sauberen und staubfreien Tuch  Drehen Sie den Verschluss wieder im Uhrzeigersinn auf die Spritze  *ausgenommen lebensmittelliefernde Tiere, Dopingrelevant! **0,1ml entsprechen 50 mg CBD  Tierpflegeprodukt                                  Durch unsere durchgef\u00fchrte Studie mit der Freien Universi\u00e4t Berlin an Pferden ergab sich folgendes Ergebnis bez\u00fcglich Dopingrelevanz. Dies betrifft die TAMACAN XL Paste und ist nicht auf andere Hersteller umzulegen. Dahingehend m\u00fcssten andere Hersteller ebenfalls eine derartige Studie durchf\u00fchren um die Dopingrelevanz ihrer Produkte eindeutig nachweisen zu k\u00f6nnen.  Nach regelm\u00e4\u00dfiger Gabe von CBD-haltiger Paste (Dosis: 3 mg\/kg) zweimal t\u00e4glich \u00fcber zwei Wochen konnten 84 Stunden nach der letzten Pastengabe weiterhin CBD-R\u00fcckst\u00e4nde in Blut (1,9 (0,5) ng\/mL) und Urin (7,0 (6,4) ng\/mL) bei Pferden nachgewiesen werden.","og_url":"https:\/\/cbdhorses.com\/de_de\/produkt\/tamacan-xl-vollspektrum-gold-cannabisextrakt-cbd-55-fuer-hunde-grosstiere\/","article_publisher":"https:\/\/www.facebook.com\/ImPulsMethode","article_modified_time":"2024-01-17T17:41:05+00:00","og_image":[{"width":1000,"height":1000,"url":"https:\/\/cbdhorses.com\/wp-content\/uploads\/2024\/01\/TAMACAN_XL.png","type":"image\/png"}],"twitter_card":"summary_large_image","schema":{"@context":"https:\/\/schema.org","@graph":[{"@type":"WebPage","@id":"https:\/\/cbdhorses.com\/product\/tamacan-xl-vollspektrum-gold-cannabisextrakt-cbd-55-fuer-hunde-grosstiere\/","url":"https:\/\/cbdhorses.com\/product\/tamacan-xl-vollspektrum-gold-cannabisextrakt-cbd-55-fuer-hunde-grosstiere\/","name":"Tamacan XL Vollspektrum Gold-Cannabisextrakt (CBD 55%) f\u00fcr Hunde & Gro\u00dftiere* -","isPartOf":{"@id":"https:\/\/cbdhorses.com\/#website"},"primaryImageOfPage":{"@id":"https:\/\/cbdhorses.com\/product\/tamacan-xl-vollspektrum-gold-cannabisextrakt-cbd-55-fuer-hunde-grosstiere\/#primaryimage"},"image":{"@id":"https:\/\/cbdhorses.com\/product\/tamacan-xl-vollspektrum-gold-cannabisextrakt-cbd-55-fuer-hunde-grosstiere\/#primaryimage"},"thumbnailUrl":"https:\/\/cbdhorses.com\/wp-content\/uploads\/2024\/01\/TAMACAN_XL.png","datePublished":"2024-01-17T17:40:58+00:00","dateModified":"2024-01-17T17:41:05+00:00","breadcrumb":{"@id":"https:\/\/cbdhorses.com\/product\/tamacan-xl-vollspektrum-gold-cannabisextrakt-cbd-55-fuer-hunde-grosstiere\/#breadcrumb"},"inLanguage":"de","potentialAction":[{"@type":"ReadAction","target":["https:\/\/cbdhorses.com\/product\/tamacan-xl-vollspektrum-gold-cannabisextrakt-cbd-55-fuer-hunde-grosstiere\/"]}]},{"@type":"ImageObject","inLanguage":"de","@id":"https:\/\/cbdhorses.com\/product\/tamacan-xl-vollspektrum-gold-cannabisextrakt-cbd-55-fuer-hunde-grosstiere\/#primaryimage","url":"https:\/\/cbdhorses.com\/wp-content\/uploads\/2024\/01\/TAMACAN_XL.png","contentUrl":"https:\/\/cbdhorses.com\/wp-content\/uploads\/2024\/01\/TAMACAN_XL.png","width":1000,"height":1000},{"@type":"BreadcrumbList","@id":"https:\/\/cbdhorses.com\/product\/tamacan-xl-vollspektrum-gold-cannabisextrakt-cbd-55-fuer-hunde-grosstiere\/#breadcrumb","itemListElement":[{"@type":"ListItem","position":1,"name":"Home","item":"https:\/\/cbdhorses.com\/"},{"@type":"ListItem","position":2,"name":"Shop","item":"https:\/\/cbdhorses.com\/shop\/"},{"@type":"ListItem","position":3,"name":"Tamacan XL Vollspektrum Gold-Cannabisextrakt (CBD 55%) f\u00fcr Hunde &#038; Gro\u00dftiere*"}]},{"@type":"WebSite","@id":"https:\/\/cbdhorses.com\/#website","url":"https:\/\/cbdhorses.com\/","name":"CBD-Pferde","description":"","publisher":{"@id":"https:\/\/cbdhorses.com\/#organization"},"potentialAction":[{"@type":"SearchAction","target":{"@type":"EntryPoint","urlTemplate":"https:\/\/cbdhorses.com\/?s={search_term_string}"},"query-input":{"@type":"PropertyValueSpecification","valueRequired":true,"valueName":"search_term_string"}}],"inLanguage":"de"},{"@type":"Organization","@id":"https:\/\/cbdhorses.com\/#organization","name":"CBD-Pferde","url":"https:\/\/cbdhorses.com\/","logo":{"@type":"ImageObject","inLanguage":"de","@id":"https:\/\/cbdhorses.com\/#\/schema\/logo\/image\/","url":"https:\/\/cbdhorses.com\/wp-content\/uploads\/2021\/04\/logo2_impact.png","contentUrl":"https:\/\/cbdhorses.com\/wp-content\/uploads\/2021\/04\/logo2_impact.png","width":945,"height":358,"caption":"CBD Horses"},"image":{"@id":"https:\/\/cbdhorses.com\/#\/schema\/logo\/image\/"},"sameAs":["https:\/\/www.facebook.com\/ImPulsMethode","https:\/\/www.instagram.com\/impulsmethode\/","https:\/\/www.threads.net\/@impulsmethode","https:\/\/www.youtube.com\/@impulsmethode768"]}]}},"jetpack_sharing_enabled":true,"_links":{"self":[{"href":"https:\/\/cbdhorses.com\/de_de\/wp-json\/wp\/v2\/product\/77","targetHints":{"allow":["GET"]}}],"collection":[{"href":"https:\/\/cbdhorses.com\/de_de\/wp-json\/wp\/v2\/product"}],"about":[{"href":"https:\/\/cbdhorses.com\/de_de\/wp-json\/wp\/v2\/types\/product"}],"replies":[{"embeddable":true,"href":"https:\/\/cbdhorses.com\/de_de\/wp-json\/wp\/v2\/comments?post=77"}],"version-history":[{"count":0,"href":"https:\/\/cbdhorses.com\/de_de\/wp-json\/wp\/v2\/product\/77\/revisions"}],"wp:featuredmedia":[{"embeddable":true,"href":"https:\/\/cbdhorses.com\/de_de\/wp-json\/wp\/v2\/media\/86"}],"wp:attachment":[{"href":"https:\/\/cbdhorses.com\/de_de\/wp-json\/wp\/v2\/media?parent=77"}],"wp:term":[{"taxonomy":"product_brand","embeddable":true,"href":"https:\/\/cbdhorses.com\/de_de\/wp-json\/wp\/v2\/product_brand?post=77"},{"taxonomy":"product_cat","embeddable":true,"href":"https:\/\/cbdhorses.com\/de_de\/wp-json\/wp\/v2\/product_cat?post=77"},{"taxonomy":"product_tag","embeddable":true,"href":"https:\/\/cbdhorses.com\/de_de\/wp-json\/wp\/v2\/product_tag?post=77"}],"curies":[{"name":"wp","href":"https:\/\/api.w.org\/{rel}","templated":true}]}}